{"id":9863,"date":"2019-05-24T14:17:34","date_gmt":"2019-05-24T12:17:34","guid":{"rendered":"https:\/\/www.dubois-depraz.ch\/produit\/dd90313\/"},"modified":"2019-05-24T14:17:34","modified_gmt":"2019-05-24T12:17:34","slug":"dd90313","status":"publish","type":"product","link":"https:\/\/www.dubois-depraz.ch\/en\/produit\/dd90313\/","title":{"rendered":"DD90313"},"content":{"rendered":"<div class=\"row\">\n<div class=\"col-sm\">\n<p class=\"p1\">Particularit\u00e9s<\/p>\n<p><span style=\"color: #fac419\">&#8211;<\/span> Seconde au centre<br \/>\n<span style=\"color: #fac419\">&#8211;<\/span> Indicateur des jours \u00e0 guichet<br \/>\n&#8211; Months sold <span style=\"color: #fac419\"> indicator<\/span><br \/>\n<span style=\"color: #fac419\">&#8211;<\/span> Quanti\u00e8me \u00e0 aiguille d\u00e9centr\u00e9<br \/>\n<span style=\"color: #fac419\">&#8211;<\/span> Phases de lune \u00e0 guichet<br \/>\n&#8211; Single <span style=\"color: #fac419\"> calendar<\/span> <\/p>\n<\/div>\n<div class=\"col-sm\">\n<p class=\"p1\">Specifications<\/p>\n<p><span style=\"color: #fac419\">&#8211;<\/span> Total thickness : <strong>5,20 mm<\/strong><br \/>\n<span style=\"color: #fac419\">&#8211;<\/span> Module thickness : <strong>1,60 mm<\/strong><br \/>\n<span style=\"color: #fac419\">&#8211;<\/span> Encageage : <strong>\u00d8 32,00 mm<\/strong><\/p>\n<\/div>\n<\/div>\n<div class=\"row\" style=\"margin-top: 30px\"><\/div>\n","protected":false},"excerpt":{"rendered":"<p>Particularit\u00e9s &#8211; Seconde au centre &#8211; Indicateur des jours \u00e0 guichet &#8211; Months sold indicator &#8211; Quanti\u00e8me \u00e0 aiguille d\u00e9centr\u00e9 &#8211; Phases de lune \u00e0 guichet &#8211; Single calendar Specifications &#8211; Total thickness : 5,20 mm &#8211; Module thickness : 1,60 mm &#8211; Encageage : \u00d8 32,00 mm<\/p>\n","protected":false},"featured_media":9405,"template":"","meta":{"_acf_changed":false},"product_brand":[],"product_cat":[191],"product_tag":[213,215,223,220,204],"class_list":{"0":"post-9863","1":"product","2":"type-product","3":"status-publish","4":"has-post-thumbnail","6":"product_cat-calendar","7":"product_tag-aperture-day-display","8":"product_tag-aperture-month-display","9":"product_tag-central-seconds","10":"product_tag-moon-phases","11":"product_tag-pointer-hand-date-display","12":"pa_date-a-aiguille-date-a-aiguille-en","13":"pa_diametre-32-en","14":"pa_jour-a-guichet-over-the-counter-day","15":"pa_mois-a-guichet-month-at-window","16":"pa_phases-de-lune-phases-de-lune-en","17":"pa_seconde-au-centre-seconde-au-centre-en","18":"entry","20":"first","21":"instock","22":"shipping-taxable","23":"product-type-simple"},"acf":[],"yoast_head":"<!-- This site is optimized with the Yoast SEO plugin v24.4 - https:\/\/yoast.com\/wordpress\/plugins\/seo\/ -->\n<title>DD90313 - Dubois D\u00c9PRAZ<\/title>\n<meta name=\"robots\" content=\"index, follow, max-snippet:-1, max-image-preview:large, max-video-preview:-1\" \/>\n<link rel=\"canonical\" href=\"https:\/\/www.dubois-depraz.ch\/produit\/dd90313\/\" \/>\n<meta property=\"og:locale\" content=\"en_US\" \/>\n<meta property=\"og:type\" content=\"article\" \/>\n<meta property=\"og:title\" content=\"DD90313 - Dubois D\u00c9PRAZ\" \/>\n<meta property=\"og:description\" content=\"Particularit\u00e9s &#8211; Seconde au centre &#8211; Indicateur des jours \u00e0 guichet &#8211; Months sold indicator &#8211; Quanti\u00e8me \u00e0 aiguille d\u00e9centr\u00e9 &#8211; Phases de lune \u00e0 guichet &#8211; Single calendar Specifications &#8211; Total thickness : 5,20 mm &#8211; Module thickness : 1,60 mm &#8211; Encageage : \u00d8 32,00 mm\" \/>\n<meta property=\"og:url\" content=\"https:\/\/www.dubois-depraz.ch\/produit\/dd90313\/\" \/>\n<meta property=\"og:site_name\" content=\"Dubois D\u00c9PRAZ\" \/>\n<meta name=\"twitter:card\" content=\"summary_large_image\" \/>\n<script type=\"application\/ld+json\" class=\"yoast-schema-graph\">{\"@context\":\"https:\/\/schema.org\",\"@graph\":[{\"@type\":\"WebPage\",\"@id\":\"https:\/\/www.dubois-depraz.ch\/produit\/dd90313\/\",\"url\":\"https:\/\/www.dubois-depraz.ch\/produit\/dd90313\/\",\"name\":\"DD90313 - Dubois D\u00c9PRAZ\",\"isPartOf\":{\"@id\":\"https:\/\/www.dubois-depraz.ch\/#website\"},\"primaryImageOfPage\":{\"@id\":\"https:\/\/www.dubois-depraz.ch\/produit\/dd90313\/#primaryimage\"},\"image\":{\"@id\":\"https:\/\/www.dubois-depraz.ch\/produit\/dd90313\/#primaryimage\"},\"thumbnailUrl\":\"https:\/\/www.dubois-depraz.ch\/wp-content\/uploads\/2019\/05\/90313.png\",\"datePublished\":\"2019-05-24T12:17:34+00:00\",\"breadcrumb\":{\"@id\":\"https:\/\/www.dubois-depraz.ch\/produit\/dd90313\/#breadcrumb\"},\"inLanguage\":\"en-US\",\"potentialAction\":[{\"@type\":\"ReadAction\",\"target\":[\"https:\/\/www.dubois-depraz.ch\/produit\/dd90313\/\"]}]},{\"@type\":\"ImageObject\",\"inLanguage\":\"en-US\",\"@id\":\"https:\/\/www.dubois-depraz.ch\/produit\/dd90313\/#primaryimage\",\"url\":\"https:\/\/www.dubois-depraz.ch\/wp-content\/uploads\/2019\/05\/90313.png\",\"contentUrl\":\"https:\/\/www.dubois-depraz.ch\/wp-content\/uploads\/2019\/05\/90313.png\",\"width\":788,\"height\":916},{\"@type\":\"BreadcrumbList\",\"@id\":\"https:\/\/www.dubois-depraz.ch\/produit\/dd90313\/#breadcrumb\",\"itemListElement\":[{\"@type\":\"ListItem\",\"position\":1,\"name\":\"Accueil\",\"item\":\"https:\/\/www.dubois-depraz.ch\/en\/home\/\"},{\"@type\":\"ListItem\",\"position\":2,\"name\":\"Shop\",\"item\":\"https:\/\/www.dubois-depraz.ch\/en\/shop\/\"},{\"@type\":\"ListItem\",\"position\":3,\"name\":\"DD90313\"}]},{\"@type\":\"WebSite\",\"@id\":\"https:\/\/www.dubois-depraz.ch\/#website\",\"url\":\"https:\/\/www.dubois-depraz.ch\/\",\"name\":\"Dubois D\u00c9PRAZ\",\"description\":\"UNE SYMPHONIE DE SAVOIR FAIRE\",\"publisher\":{\"@id\":\"https:\/\/www.dubois-depraz.ch\/#organization\"},\"potentialAction\":[{\"@type\":\"SearchAction\",\"target\":{\"@type\":\"EntryPoint\",\"urlTemplate\":\"https:\/\/www.dubois-depraz.ch\/?s={search_term_string}\"},\"query-input\":{\"@type\":\"PropertyValueSpecification\",\"valueRequired\":true,\"valueName\":\"search_term_string\"}}],\"inLanguage\":\"en-US\"},{\"@type\":\"Organization\",\"@id\":\"https:\/\/www.dubois-depraz.ch\/#organization\",\"name\":\"Dubois D\u00c9PRAZ\",\"url\":\"https:\/\/www.dubois-depraz.ch\/\",\"logo\":{\"@type\":\"ImageObject\",\"inLanguage\":\"en-US\",\"@id\":\"https:\/\/www.dubois-depraz.ch\/#\/schema\/logo\/image\/\",\"url\":\"https:\/\/www.dubois-depraz.ch\/wp-content\/uploads\/2021\/02\/DD-sigle-jumbo.png\",\"contentUrl\":\"https:\/\/www.dubois-depraz.ch\/wp-content\/uploads\/2021\/02\/DD-sigle-jumbo.png\",\"width\":1440,\"height\":1200,\"caption\":\"Dubois D\u00c9PRAZ\"},\"image\":{\"@id\":\"https:\/\/www.dubois-depraz.ch\/#\/schema\/logo\/image\/\"}}]}<\/script>\n<!-- \/ Yoast SEO plugin. -->","yoast_head_json":{"title":"DD90313 - Dubois D\u00c9PRAZ","robots":{"index":"index","follow":"follow","max-snippet":"max-snippet:-1","max-image-preview":"max-image-preview:large","max-video-preview":"max-video-preview:-1"},"canonical":"https:\/\/www.dubois-depraz.ch\/produit\/dd90313\/","og_locale":"en_US","og_type":"article","og_title":"DD90313 - Dubois D\u00c9PRAZ","og_description":"Particularit\u00e9s &#8211; Seconde au centre &#8211; Indicateur des jours \u00e0 guichet &#8211; Months sold indicator &#8211; Quanti\u00e8me \u00e0 aiguille d\u00e9centr\u00e9 &#8211; Phases de lune \u00e0 guichet &#8211; Single calendar Specifications &#8211; Total thickness : 5,20 mm &#8211; Module thickness : 1,60 mm &#8211; Encageage : \u00d8 32,00 mm","og_url":"https:\/\/www.dubois-depraz.ch\/produit\/dd90313\/","og_site_name":"Dubois D\u00c9PRAZ","twitter_card":"summary_large_image","schema":{"@context":"https:\/\/schema.org","@graph":[{"@type":"WebPage","@id":"https:\/\/www.dubois-depraz.ch\/produit\/dd90313\/","url":"https:\/\/www.dubois-depraz.ch\/produit\/dd90313\/","name":"DD90313 - Dubois D\u00c9PRAZ","isPartOf":{"@id":"https:\/\/www.dubois-depraz.ch\/#website"},"primaryImageOfPage":{"@id":"https:\/\/www.dubois-depraz.ch\/produit\/dd90313\/#primaryimage"},"image":{"@id":"https:\/\/www.dubois-depraz.ch\/produit\/dd90313\/#primaryimage"},"thumbnailUrl":"https:\/\/www.dubois-depraz.ch\/wp-content\/uploads\/2019\/05\/90313.png","datePublished":"2019-05-24T12:17:34+00:00","breadcrumb":{"@id":"https:\/\/www.dubois-depraz.ch\/produit\/dd90313\/#breadcrumb"},"inLanguage":"en-US","potentialAction":[{"@type":"ReadAction","target":["https:\/\/www.dubois-depraz.ch\/produit\/dd90313\/"]}]},{"@type":"ImageObject","inLanguage":"en-US","@id":"https:\/\/www.dubois-depraz.ch\/produit\/dd90313\/#primaryimage","url":"https:\/\/www.dubois-depraz.ch\/wp-content\/uploads\/2019\/05\/90313.png","contentUrl":"https:\/\/www.dubois-depraz.ch\/wp-content\/uploads\/2019\/05\/90313.png","width":788,"height":916},{"@type":"BreadcrumbList","@id":"https:\/\/www.dubois-depraz.ch\/produit\/dd90313\/#breadcrumb","itemListElement":[{"@type":"ListItem","position":1,"name":"Accueil","item":"https:\/\/www.dubois-depraz.ch\/en\/home\/"},{"@type":"ListItem","position":2,"name":"Shop","item":"https:\/\/www.dubois-depraz.ch\/en\/shop\/"},{"@type":"ListItem","position":3,"name":"DD90313"}]},{"@type":"WebSite","@id":"https:\/\/www.dubois-depraz.ch\/#website","url":"https:\/\/www.dubois-depraz.ch\/","name":"Dubois D\u00c9PRAZ","description":"UNE SYMPHONIE DE SAVOIR FAIRE","publisher":{"@id":"https:\/\/www.dubois-depraz.ch\/#organization"},"potentialAction":[{"@type":"SearchAction","target":{"@type":"EntryPoint","urlTemplate":"https:\/\/www.dubois-depraz.ch\/?s={search_term_string}"},"query-input":{"@type":"PropertyValueSpecification","valueRequired":true,"valueName":"search_term_string"}}],"inLanguage":"en-US"},{"@type":"Organization","@id":"https:\/\/www.dubois-depraz.ch\/#organization","name":"Dubois D\u00c9PRAZ","url":"https:\/\/www.dubois-depraz.ch\/","logo":{"@type":"ImageObject","inLanguage":"en-US","@id":"https:\/\/www.dubois-depraz.ch\/#\/schema\/logo\/image\/","url":"https:\/\/www.dubois-depraz.ch\/wp-content\/uploads\/2021\/02\/DD-sigle-jumbo.png","contentUrl":"https:\/\/www.dubois-depraz.ch\/wp-content\/uploads\/2021\/02\/DD-sigle-jumbo.png","width":1440,"height":1200,"caption":"Dubois D\u00c9PRAZ"},"image":{"@id":"https:\/\/www.dubois-depraz.ch\/#\/schema\/logo\/image\/"}}]}},"_links":{"self":[{"href":"https:\/\/www.dubois-depraz.ch\/en\/wp-json\/wp\/v2\/product\/9863","targetHints":{"allow":["GET"]}}],"collection":[{"href":"https:\/\/www.dubois-depraz.ch\/en\/wp-json\/wp\/v2\/product"}],"about":[{"href":"https:\/\/www.dubois-depraz.ch\/en\/wp-json\/wp\/v2\/types\/product"}],"wp:featuredmedia":[{"embeddable":true,"href":"https:\/\/www.dubois-depraz.ch\/en\/wp-json\/wp\/v2\/media\/9405"}],"wp:attachment":[{"href":"https:\/\/www.dubois-depraz.ch\/en\/wp-json\/wp\/v2\/media?parent=9863"}],"wp:term":[{"taxonomy":"product_brand","embeddable":true,"href":"https:\/\/www.dubois-depraz.ch\/en\/wp-json\/wp\/v2\/product_brand?post=9863"},{"taxonomy":"product_cat","embeddable":true,"href":"https:\/\/www.dubois-depraz.ch\/en\/wp-json\/wp\/v2\/product_cat?post=9863"},{"taxonomy":"product_tag","embeddable":true,"href":"https:\/\/www.dubois-depraz.ch\/en\/wp-json\/wp\/v2\/product_tag?post=9863"}],"curies":[{"name":"wp","href":"https:\/\/api.w.org\/{rel}","templated":true}]}}