{"id":9851,"date":"2019-05-23T11:51:28","date_gmt":"2019-05-23T09:51:28","guid":{"rendered":"https:\/\/www.dubois-depraz.ch\/produit\/dd27340\/"},"modified":"2019-05-23T11:51:28","modified_gmt":"2019-05-23T09:51:28","slug":"dd27340","status":"publish","type":"product","link":"https:\/\/www.dubois-depraz.ch\/en\/produit\/dd27340\/","title":{"rendered":"DD27340"},"content":{"rendered":"<div class=\"row\">\n<div class=\"col-sm\">\n<p class=\"p1\">Particularit\u00e9s<\/p>\n<p><span style=\"color: #fac419\">&#8211;<\/span> Compteur 60 secondes au centre<br \/>\n<span style=\"color: #fac419\">&#8211;<\/span> Petite seconde<br \/>\n&#8211; 60-minute central <span style=\"color: #fac419\"> counter<\/span><br \/>\n&#8211; 12-hour <span style=\"color: #fac419\"> counter<\/span><br \/>\n&#8211; <span style=\"color: #fac419\"> Date<\/span> window<\/p>\n<\/div>\n<div class=\"col-sm\">\n<p class=\"p1\">Sp\u00e9cifications<\/p>\n<p>&#8211; Total <span style=\"color: #fac419\"> thickness<\/span>: <strong>7.40 mm<\/strong><br \/>\n&#8211; Module <span style=\"color: #fac419\"> thickness<\/span>: <strong>3.80 mm<\/strong><br \/>\n<span style=\"color: #fac419\">&#8211;<\/span> Encageage : <strong>\u00d8 30,00 mm<\/strong><br \/>\n<span style=\"color: #fac419\">&#8211;<\/span> Monopoussoir \u00e0 2h<br \/>\n<span style=\"color: #fac419\">&#8211;<\/span> Premi\u00e8re pression : D\u00e9part<br \/>\n<span style=\"color: #fac419\">&#8211;<\/span> Seconde pression : Arr\u00eat<br \/>\n<span style=\"color: #fac419\">&#8211;<\/span> Troisi\u00e8me pression : Remise \u00e0 z\u00e9ro<\/p>\n<\/div>\n<\/div>\n<div class=\"row\" style=\"margin-top: 30px\"><\/div>\n","protected":false},"excerpt":{"rendered":"<p>Particularit\u00e9s &#8211; Compteur 60 secondes au centre &#8211; Petite seconde &#8211; 60-minute central counter &#8211; 12-hour counter &#8211; Date window Sp\u00e9cifications &#8211; Total thickness: 7.40 mm &#8211; Module thickness: 3.80 mm &#8211; Encageage : \u00d8 30,00 mm &#8211; Monopoussoir \u00e0 2h &#8211; Premi\u00e8re pression : D\u00e9part &#8211; Seconde pression : Arr\u00eat &#8211; Troisi\u00e8me pression : &hellip; <\/p>\n<p class=\"link-more\"><a href=\"https:\/\/www.dubois-depraz.ch\/en\/produit\/dd27340\/\" class=\"more-link\">Continue reading<span class=\"screen-reader-text\"> &#8220;DD27340&#8221;<\/span><\/a><\/p>\n","protected":false},"featured_media":9386,"template":"","meta":{"_acf_changed":false},"product_brand":[],"product_cat":[192],"product_tag":[195,200,208,201,216,219],"class_list":{"0":"post-9851","1":"product","2":"type-product","3":"status-publish","4":"has-post-thumbnail","6":"product_cat-chronograph","7":"product_tag-3-counters","8":"product_tag-60-counter-2","9":"product_tag-aperture-date-display","10":"product_tag-central-counter","11":"product_tag-single-pusher","12":"product_tag-small-seconds","13":"pa_3compteurs-3-compteurs-en","14":"pa_compteur-60-compteur-60-en","15":"pa_compteur-central-compteur-central-en","16":"pa_date-a-guichet-date-a-guichet-en","17":"pa_diametre-30-en","18":"pa_mono-poussoir-mono-poussoir-en","19":"pa_petite-seconde-petite-seconde-en","20":"entry","22":"first","23":"instock","24":"shipping-taxable","25":"product-type-simple"},"acf":[],"yoast_head":"<!-- This site is optimized with the Yoast SEO plugin v24.4 - https:\/\/yoast.com\/wordpress\/plugins\/seo\/ -->\n<title>DD27340 - Dubois D\u00c9PRAZ<\/title>\n<meta name=\"robots\" content=\"index, follow, max-snippet:-1, max-image-preview:large, max-video-preview:-1\" \/>\n<link rel=\"canonical\" href=\"https:\/\/www.dubois-depraz.ch\/produit\/dd27340\/\" \/>\n<meta property=\"og:locale\" content=\"en_US\" \/>\n<meta property=\"og:type\" content=\"article\" \/>\n<meta property=\"og:title\" content=\"DD27340 - Dubois D\u00c9PRAZ\" \/>\n<meta property=\"og:description\" content=\"Particularit\u00e9s &#8211; Compteur 60 secondes au centre &#8211; Petite seconde &#8211; 60-minute central counter &#8211; 12-hour counter &#8211; Date window Sp\u00e9cifications &#8211; Total thickness: 7.40 mm &#8211; Module thickness: 3.80 mm &#8211; Encageage : \u00d8 30,00 mm &#8211; Monopoussoir \u00e0 2h &#8211; Premi\u00e8re pression : D\u00e9part &#8211; Seconde pression : Arr\u00eat &#8211; Troisi\u00e8me pression : &hellip; Continue reading &quot;DD27340&quot;\" \/>\n<meta property=\"og:url\" content=\"https:\/\/www.dubois-depraz.ch\/produit\/dd27340\/\" \/>\n<meta property=\"og:site_name\" content=\"Dubois D\u00c9PRAZ\" \/>\n<meta name=\"twitter:card\" content=\"summary_large_image\" \/>\n<script type=\"application\/ld+json\" class=\"yoast-schema-graph\">{\"@context\":\"https:\/\/schema.org\",\"@graph\":[{\"@type\":\"WebPage\",\"@id\":\"https:\/\/www.dubois-depraz.ch\/produit\/dd27340\/\",\"url\":\"https:\/\/www.dubois-depraz.ch\/produit\/dd27340\/\",\"name\":\"DD27340 - Dubois D\u00c9PRAZ\",\"isPartOf\":{\"@id\":\"https:\/\/www.dubois-depraz.ch\/#website\"},\"primaryImageOfPage\":{\"@id\":\"https:\/\/www.dubois-depraz.ch\/produit\/dd27340\/#primaryimage\"},\"image\":{\"@id\":\"https:\/\/www.dubois-depraz.ch\/produit\/dd27340\/#primaryimage\"},\"thumbnailUrl\":\"https:\/\/www.dubois-depraz.ch\/wp-content\/uploads\/2019\/05\/27340.png\",\"datePublished\":\"2019-05-23T09:51:28+00:00\",\"breadcrumb\":{\"@id\":\"https:\/\/www.dubois-depraz.ch\/produit\/dd27340\/#breadcrumb\"},\"inLanguage\":\"en-US\",\"potentialAction\":[{\"@type\":\"ReadAction\",\"target\":[\"https:\/\/www.dubois-depraz.ch\/produit\/dd27340\/\"]}]},{\"@type\":\"ImageObject\",\"inLanguage\":\"en-US\",\"@id\":\"https:\/\/www.dubois-depraz.ch\/produit\/dd27340\/#primaryimage\",\"url\":\"https:\/\/www.dubois-depraz.ch\/wp-content\/uploads\/2019\/05\/27340.png\",\"contentUrl\":\"https:\/\/www.dubois-depraz.ch\/wp-content\/uploads\/2019\/05\/27340.png\",\"width\":776,\"height\":882},{\"@type\":\"BreadcrumbList\",\"@id\":\"https:\/\/www.dubois-depraz.ch\/produit\/dd27340\/#breadcrumb\",\"itemListElement\":[{\"@type\":\"ListItem\",\"position\":1,\"name\":\"Accueil\",\"item\":\"https:\/\/www.dubois-depraz.ch\/en\/home\/\"},{\"@type\":\"ListItem\",\"position\":2,\"name\":\"Shop\",\"item\":\"https:\/\/www.dubois-depraz.ch\/en\/shop\/\"},{\"@type\":\"ListItem\",\"position\":3,\"name\":\"DD27340\"}]},{\"@type\":\"WebSite\",\"@id\":\"https:\/\/www.dubois-depraz.ch\/#website\",\"url\":\"https:\/\/www.dubois-depraz.ch\/\",\"name\":\"Dubois D\u00c9PRAZ\",\"description\":\"UNE SYMPHONIE DE SAVOIR FAIRE\",\"publisher\":{\"@id\":\"https:\/\/www.dubois-depraz.ch\/#organization\"},\"potentialAction\":[{\"@type\":\"SearchAction\",\"target\":{\"@type\":\"EntryPoint\",\"urlTemplate\":\"https:\/\/www.dubois-depraz.ch\/?s={search_term_string}\"},\"query-input\":{\"@type\":\"PropertyValueSpecification\",\"valueRequired\":true,\"valueName\":\"search_term_string\"}}],\"inLanguage\":\"en-US\"},{\"@type\":\"Organization\",\"@id\":\"https:\/\/www.dubois-depraz.ch\/#organization\",\"name\":\"Dubois D\u00c9PRAZ\",\"url\":\"https:\/\/www.dubois-depraz.ch\/\",\"logo\":{\"@type\":\"ImageObject\",\"inLanguage\":\"en-US\",\"@id\":\"https:\/\/www.dubois-depraz.ch\/#\/schema\/logo\/image\/\",\"url\":\"https:\/\/www.dubois-depraz.ch\/wp-content\/uploads\/2021\/02\/DD-sigle-jumbo.png\",\"contentUrl\":\"https:\/\/www.dubois-depraz.ch\/wp-content\/uploads\/2021\/02\/DD-sigle-jumbo.png\",\"width\":1440,\"height\":1200,\"caption\":\"Dubois D\u00c9PRAZ\"},\"image\":{\"@id\":\"https:\/\/www.dubois-depraz.ch\/#\/schema\/logo\/image\/\"}}]}<\/script>\n<!-- \/ Yoast SEO plugin. -->","yoast_head_json":{"title":"DD27340 - Dubois D\u00c9PRAZ","robots":{"index":"index","follow":"follow","max-snippet":"max-snippet:-1","max-image-preview":"max-image-preview:large","max-video-preview":"max-video-preview:-1"},"canonical":"https:\/\/www.dubois-depraz.ch\/produit\/dd27340\/","og_locale":"en_US","og_type":"article","og_title":"DD27340 - Dubois D\u00c9PRAZ","og_description":"Particularit\u00e9s &#8211; Compteur 60 secondes au centre &#8211; Petite seconde &#8211; 60-minute central counter &#8211; 12-hour counter &#8211; Date window Sp\u00e9cifications &#8211; Total thickness: 7.40 mm &#8211; Module thickness: 3.80 mm &#8211; Encageage : \u00d8 30,00 mm &#8211; Monopoussoir \u00e0 2h &#8211; Premi\u00e8re pression : D\u00e9part &#8211; Seconde pression : Arr\u00eat &#8211; Troisi\u00e8me pression : &hellip; Continue reading \"DD27340\"","og_url":"https:\/\/www.dubois-depraz.ch\/produit\/dd27340\/","og_site_name":"Dubois D\u00c9PRAZ","twitter_card":"summary_large_image","schema":{"@context":"https:\/\/schema.org","@graph":[{"@type":"WebPage","@id":"https:\/\/www.dubois-depraz.ch\/produit\/dd27340\/","url":"https:\/\/www.dubois-depraz.ch\/produit\/dd27340\/","name":"DD27340 - Dubois D\u00c9PRAZ","isPartOf":{"@id":"https:\/\/www.dubois-depraz.ch\/#website"},"primaryImageOfPage":{"@id":"https:\/\/www.dubois-depraz.ch\/produit\/dd27340\/#primaryimage"},"image":{"@id":"https:\/\/www.dubois-depraz.ch\/produit\/dd27340\/#primaryimage"},"thumbnailUrl":"https:\/\/www.dubois-depraz.ch\/wp-content\/uploads\/2019\/05\/27340.png","datePublished":"2019-05-23T09:51:28+00:00","breadcrumb":{"@id":"https:\/\/www.dubois-depraz.ch\/produit\/dd27340\/#breadcrumb"},"inLanguage":"en-US","potentialAction":[{"@type":"ReadAction","target":["https:\/\/www.dubois-depraz.ch\/produit\/dd27340\/"]}]},{"@type":"ImageObject","inLanguage":"en-US","@id":"https:\/\/www.dubois-depraz.ch\/produit\/dd27340\/#primaryimage","url":"https:\/\/www.dubois-depraz.ch\/wp-content\/uploads\/2019\/05\/27340.png","contentUrl":"https:\/\/www.dubois-depraz.ch\/wp-content\/uploads\/2019\/05\/27340.png","width":776,"height":882},{"@type":"BreadcrumbList","@id":"https:\/\/www.dubois-depraz.ch\/produit\/dd27340\/#breadcrumb","itemListElement":[{"@type":"ListItem","position":1,"name":"Accueil","item":"https:\/\/www.dubois-depraz.ch\/en\/home\/"},{"@type":"ListItem","position":2,"name":"Shop","item":"https:\/\/www.dubois-depraz.ch\/en\/shop\/"},{"@type":"ListItem","position":3,"name":"DD27340"}]},{"@type":"WebSite","@id":"https:\/\/www.dubois-depraz.ch\/#website","url":"https:\/\/www.dubois-depraz.ch\/","name":"Dubois D\u00c9PRAZ","description":"UNE SYMPHONIE DE SAVOIR FAIRE","publisher":{"@id":"https:\/\/www.dubois-depraz.ch\/#organization"},"potentialAction":[{"@type":"SearchAction","target":{"@type":"EntryPoint","urlTemplate":"https:\/\/www.dubois-depraz.ch\/?s={search_term_string}"},"query-input":{"@type":"PropertyValueSpecification","valueRequired":true,"valueName":"search_term_string"}}],"inLanguage":"en-US"},{"@type":"Organization","@id":"https:\/\/www.dubois-depraz.ch\/#organization","name":"Dubois D\u00c9PRAZ","url":"https:\/\/www.dubois-depraz.ch\/","logo":{"@type":"ImageObject","inLanguage":"en-US","@id":"https:\/\/www.dubois-depraz.ch\/#\/schema\/logo\/image\/","url":"https:\/\/www.dubois-depraz.ch\/wp-content\/uploads\/2021\/02\/DD-sigle-jumbo.png","contentUrl":"https:\/\/www.dubois-depraz.ch\/wp-content\/uploads\/2021\/02\/DD-sigle-jumbo.png","width":1440,"height":1200,"caption":"Dubois D\u00c9PRAZ"},"image":{"@id":"https:\/\/www.dubois-depraz.ch\/#\/schema\/logo\/image\/"}}]}},"_links":{"self":[{"href":"https:\/\/www.dubois-depraz.ch\/en\/wp-json\/wp\/v2\/product\/9851","targetHints":{"allow":["GET"]}}],"collection":[{"href":"https:\/\/www.dubois-depraz.ch\/en\/wp-json\/wp\/v2\/product"}],"about":[{"href":"https:\/\/www.dubois-depraz.ch\/en\/wp-json\/wp\/v2\/types\/product"}],"wp:featuredmedia":[{"embeddable":true,"href":"https:\/\/www.dubois-depraz.ch\/en\/wp-json\/wp\/v2\/media\/9386"}],"wp:attachment":[{"href":"https:\/\/www.dubois-depraz.ch\/en\/wp-json\/wp\/v2\/media?parent=9851"}],"wp:term":[{"taxonomy":"product_brand","embeddable":true,"href":"https:\/\/www.dubois-depraz.ch\/en\/wp-json\/wp\/v2\/product_brand?post=9851"},{"taxonomy":"product_cat","embeddable":true,"href":"https:\/\/www.dubois-depraz.ch\/en\/wp-json\/wp\/v2\/product_cat?post=9851"},{"taxonomy":"product_tag","embeddable":true,"href":"https:\/\/www.dubois-depraz.ch\/en\/wp-json\/wp\/v2\/product_tag?post=9851"}],"curies":[{"name":"wp","href":"https:\/\/api.w.org\/{rel}","templated":true}]}}