{"id":9843,"date":"2019-05-23T14:11:24","date_gmt":"2019-05-23T12:11:24","guid":{"rendered":"https:\/\/www.dubois-depraz.ch\/produit\/dd2159\/"},"modified":"2019-05-23T14:11:24","modified_gmt":"2019-05-23T12:11:24","slug":"dd2159","status":"publish","type":"product","link":"https:\/\/www.dubois-depraz.ch\/en\/produit\/dd2159\/","title":{"rendered":"DD2159"},"content":{"rendered":"<div class=\"row\">\n<div class=\"col-sm\">\n<p class=\"p1\">Particularit\u00e9s<\/p>\n<p><span style=\"color: #fac419\">&#8211;<\/span> Compteur 60 secondes au centre<br \/>\n&#8211; 30-minute pointer <span style=\"color: #fac419\"> counter<\/span><br \/>\n&#8211; 12-hour pointer <span style=\"color: #fac419\"> counter<\/span><br \/>\n<span style=\"color: #fac419\">&#8211;<\/span> Phases de lune \u00e0 aiguille<br \/>\n<span style=\"color: #fac419\">&#8211;<\/span> Petite seconde<br \/>\n<span style=\"color: #fac419\">&#8211;<\/span> Quanti\u00e8me perp\u00e9tuel<br \/>\n&#8211; <span style=\"color: #fac419\"> Flyback<\/span> option<\/p>\n<\/div>\n<div class=\"col-sm\">\n<p class=\"p1\">Sp\u00e9cifications<\/p>\n<p><span style=\"color: #fac419\">&#8211;<\/span> \u00c9paisseur totale : 7,70 mm<br \/>\n<span style=\"color: #fac419\">&#8211;<\/span> \u00c9paisseur module : 4,10 mm<br \/>\n<span style=\"color: #fac419\">&#8211;<\/span> Encageage : \u00d8 30,00 mm<\/p>\n<\/div>\n<\/div>\n<div class=\"row\" style=\"margin-top: 30px\"><\/div>\n","protected":false},"excerpt":{"rendered":"<p>Particularit\u00e9s &#8211; Compteur 60 secondes au centre &#8211; 30-minute pointer counter &#8211; 12-hour pointer counter &#8211; Phases de lune \u00e0 aiguille &#8211; Petite seconde &#8211; Quanti\u00e8me perp\u00e9tuel &#8211; Flyback option Sp\u00e9cifications &#8211; \u00c9paisseur totale : 7,70 mm &#8211; \u00c9paisseur module : 4,10 mm &#8211; Encageage : \u00d8 30,00 mm<\/p>\n","protected":false},"featured_media":9335,"template":"","meta":{"_acf_changed":false},"product_brand":[],"product_cat":[192],"product_tag":[195,220,218,204,212,214,219],"class_list":{"0":"post-9843","1":"product","2":"type-product","3":"status-publish","4":"has-post-thumbnail","6":"product_cat-chronograph","7":"product_tag-3-counters","8":"product_tag-moon-phases","9":"product_tag-perpetual","10":"product_tag-pointer-hand-date-display","11":"product_tag-pointer-hand-day-display","12":"product_tag-pointer-hand-month-display","13":"product_tag-small-seconds","14":"pa_3compteurs-3-compteurs-en","15":"pa_date-a-aiguille-date-a-aiguille-en","16":"pa_diametre-30-en","17":"pa_jour-a-aiguille-jour-a-aiguille-en","18":"pa_mois-a-aiguille-mois-a-aiguille-en","19":"pa_perpetuel-perpetuel-en","20":"pa_petite-seconde-petite-seconde-en","21":"pa_phases-de-lune-phases-de-lune-en","22":"entry","24":"first","25":"instock","26":"shipping-taxable","27":"product-type-simple"},"acf":[],"yoast_head":"<!-- This site is optimized with the Yoast SEO plugin v24.4 - https:\/\/yoast.com\/wordpress\/plugins\/seo\/ -->\n<title>DD2159 - Dubois D\u00c9PRAZ<\/title>\n<meta name=\"robots\" content=\"index, follow, max-snippet:-1, max-image-preview:large, max-video-preview:-1\" \/>\n<link rel=\"canonical\" href=\"https:\/\/www.dubois-depraz.ch\/produit\/dd2159\/\" \/>\n<meta property=\"og:locale\" content=\"en_US\" \/>\n<meta property=\"og:type\" content=\"article\" \/>\n<meta property=\"og:title\" content=\"DD2159 - Dubois D\u00c9PRAZ\" \/>\n<meta property=\"og:description\" content=\"Particularit\u00e9s &#8211; Compteur 60 secondes au centre &#8211; 30-minute pointer counter &#8211; 12-hour pointer counter &#8211; Phases de lune \u00e0 aiguille &#8211; Petite seconde &#8211; Quanti\u00e8me perp\u00e9tuel &#8211; Flyback option Sp\u00e9cifications &#8211; \u00c9paisseur totale : 7,70 mm &#8211; \u00c9paisseur module : 4,10 mm &#8211; Encageage : \u00d8 30,00 mm\" \/>\n<meta property=\"og:url\" content=\"https:\/\/www.dubois-depraz.ch\/produit\/dd2159\/\" \/>\n<meta property=\"og:site_name\" content=\"Dubois D\u00c9PRAZ\" \/>\n<meta name=\"twitter:card\" content=\"summary_large_image\" \/>\n<script type=\"application\/ld+json\" class=\"yoast-schema-graph\">{\"@context\":\"https:\/\/schema.org\",\"@graph\":[{\"@type\":\"WebPage\",\"@id\":\"https:\/\/www.dubois-depraz.ch\/produit\/dd2159\/\",\"url\":\"https:\/\/www.dubois-depraz.ch\/produit\/dd2159\/\",\"name\":\"DD2159 - Dubois D\u00c9PRAZ\",\"isPartOf\":{\"@id\":\"https:\/\/www.dubois-depraz.ch\/#website\"},\"primaryImageOfPage\":{\"@id\":\"https:\/\/www.dubois-depraz.ch\/produit\/dd2159\/#primaryimage\"},\"image\":{\"@id\":\"https:\/\/www.dubois-depraz.ch\/produit\/dd2159\/#primaryimage\"},\"thumbnailUrl\":\"https:\/\/www.dubois-depraz.ch\/wp-content\/uploads\/2019\/05\/2159.png\",\"datePublished\":\"2019-05-23T12:11:24+00:00\",\"breadcrumb\":{\"@id\":\"https:\/\/www.dubois-depraz.ch\/produit\/dd2159\/#breadcrumb\"},\"inLanguage\":\"en-US\",\"potentialAction\":[{\"@type\":\"ReadAction\",\"target\":[\"https:\/\/www.dubois-depraz.ch\/produit\/dd2159\/\"]}]},{\"@type\":\"ImageObject\",\"inLanguage\":\"en-US\",\"@id\":\"https:\/\/www.dubois-depraz.ch\/produit\/dd2159\/#primaryimage\",\"url\":\"https:\/\/www.dubois-depraz.ch\/wp-content\/uploads\/2019\/05\/2159.png\",\"contentUrl\":\"https:\/\/www.dubois-depraz.ch\/wp-content\/uploads\/2019\/05\/2159.png\",\"width\":773,\"height\":882},{\"@type\":\"BreadcrumbList\",\"@id\":\"https:\/\/www.dubois-depraz.ch\/produit\/dd2159\/#breadcrumb\",\"itemListElement\":[{\"@type\":\"ListItem\",\"position\":1,\"name\":\"Accueil\",\"item\":\"https:\/\/www.dubois-depraz.ch\/en\/home\/\"},{\"@type\":\"ListItem\",\"position\":2,\"name\":\"Shop\",\"item\":\"https:\/\/www.dubois-depraz.ch\/en\/shop\/\"},{\"@type\":\"ListItem\",\"position\":3,\"name\":\"DD2159\"}]},{\"@type\":\"WebSite\",\"@id\":\"https:\/\/www.dubois-depraz.ch\/#website\",\"url\":\"https:\/\/www.dubois-depraz.ch\/\",\"name\":\"Dubois D\u00c9PRAZ\",\"description\":\"UNE SYMPHONIE DE SAVOIR FAIRE\",\"publisher\":{\"@id\":\"https:\/\/www.dubois-depraz.ch\/#organization\"},\"potentialAction\":[{\"@type\":\"SearchAction\",\"target\":{\"@type\":\"EntryPoint\",\"urlTemplate\":\"https:\/\/www.dubois-depraz.ch\/?s={search_term_string}\"},\"query-input\":{\"@type\":\"PropertyValueSpecification\",\"valueRequired\":true,\"valueName\":\"search_term_string\"}}],\"inLanguage\":\"en-US\"},{\"@type\":\"Organization\",\"@id\":\"https:\/\/www.dubois-depraz.ch\/#organization\",\"name\":\"Dubois D\u00c9PRAZ\",\"url\":\"https:\/\/www.dubois-depraz.ch\/\",\"logo\":{\"@type\":\"ImageObject\",\"inLanguage\":\"en-US\",\"@id\":\"https:\/\/www.dubois-depraz.ch\/#\/schema\/logo\/image\/\",\"url\":\"https:\/\/www.dubois-depraz.ch\/wp-content\/uploads\/2021\/02\/DD-sigle-jumbo.png\",\"contentUrl\":\"https:\/\/www.dubois-depraz.ch\/wp-content\/uploads\/2021\/02\/DD-sigle-jumbo.png\",\"width\":1440,\"height\":1200,\"caption\":\"Dubois D\u00c9PRAZ\"},\"image\":{\"@id\":\"https:\/\/www.dubois-depraz.ch\/#\/schema\/logo\/image\/\"}}]}<\/script>\n<!-- \/ Yoast SEO plugin. -->","yoast_head_json":{"title":"DD2159 - Dubois D\u00c9PRAZ","robots":{"index":"index","follow":"follow","max-snippet":"max-snippet:-1","max-image-preview":"max-image-preview:large","max-video-preview":"max-video-preview:-1"},"canonical":"https:\/\/www.dubois-depraz.ch\/produit\/dd2159\/","og_locale":"en_US","og_type":"article","og_title":"DD2159 - Dubois D\u00c9PRAZ","og_description":"Particularit\u00e9s &#8211; Compteur 60 secondes au centre &#8211; 30-minute pointer counter &#8211; 12-hour pointer counter &#8211; Phases de lune \u00e0 aiguille &#8211; Petite seconde &#8211; Quanti\u00e8me perp\u00e9tuel &#8211; Flyback option Sp\u00e9cifications &#8211; \u00c9paisseur totale : 7,70 mm &#8211; \u00c9paisseur module : 4,10 mm &#8211; Encageage : \u00d8 30,00 mm","og_url":"https:\/\/www.dubois-depraz.ch\/produit\/dd2159\/","og_site_name":"Dubois D\u00c9PRAZ","twitter_card":"summary_large_image","schema":{"@context":"https:\/\/schema.org","@graph":[{"@type":"WebPage","@id":"https:\/\/www.dubois-depraz.ch\/produit\/dd2159\/","url":"https:\/\/www.dubois-depraz.ch\/produit\/dd2159\/","name":"DD2159 - Dubois D\u00c9PRAZ","isPartOf":{"@id":"https:\/\/www.dubois-depraz.ch\/#website"},"primaryImageOfPage":{"@id":"https:\/\/www.dubois-depraz.ch\/produit\/dd2159\/#primaryimage"},"image":{"@id":"https:\/\/www.dubois-depraz.ch\/produit\/dd2159\/#primaryimage"},"thumbnailUrl":"https:\/\/www.dubois-depraz.ch\/wp-content\/uploads\/2019\/05\/2159.png","datePublished":"2019-05-23T12:11:24+00:00","breadcrumb":{"@id":"https:\/\/www.dubois-depraz.ch\/produit\/dd2159\/#breadcrumb"},"inLanguage":"en-US","potentialAction":[{"@type":"ReadAction","target":["https:\/\/www.dubois-depraz.ch\/produit\/dd2159\/"]}]},{"@type":"ImageObject","inLanguage":"en-US","@id":"https:\/\/www.dubois-depraz.ch\/produit\/dd2159\/#primaryimage","url":"https:\/\/www.dubois-depraz.ch\/wp-content\/uploads\/2019\/05\/2159.png","contentUrl":"https:\/\/www.dubois-depraz.ch\/wp-content\/uploads\/2019\/05\/2159.png","width":773,"height":882},{"@type":"BreadcrumbList","@id":"https:\/\/www.dubois-depraz.ch\/produit\/dd2159\/#breadcrumb","itemListElement":[{"@type":"ListItem","position":1,"name":"Accueil","item":"https:\/\/www.dubois-depraz.ch\/en\/home\/"},{"@type":"ListItem","position":2,"name":"Shop","item":"https:\/\/www.dubois-depraz.ch\/en\/shop\/"},{"@type":"ListItem","position":3,"name":"DD2159"}]},{"@type":"WebSite","@id":"https:\/\/www.dubois-depraz.ch\/#website","url":"https:\/\/www.dubois-depraz.ch\/","name":"Dubois D\u00c9PRAZ","description":"UNE SYMPHONIE DE SAVOIR FAIRE","publisher":{"@id":"https:\/\/www.dubois-depraz.ch\/#organization"},"potentialAction":[{"@type":"SearchAction","target":{"@type":"EntryPoint","urlTemplate":"https:\/\/www.dubois-depraz.ch\/?s={search_term_string}"},"query-input":{"@type":"PropertyValueSpecification","valueRequired":true,"valueName":"search_term_string"}}],"inLanguage":"en-US"},{"@type":"Organization","@id":"https:\/\/www.dubois-depraz.ch\/#organization","name":"Dubois D\u00c9PRAZ","url":"https:\/\/www.dubois-depraz.ch\/","logo":{"@type":"ImageObject","inLanguage":"en-US","@id":"https:\/\/www.dubois-depraz.ch\/#\/schema\/logo\/image\/","url":"https:\/\/www.dubois-depraz.ch\/wp-content\/uploads\/2021\/02\/DD-sigle-jumbo.png","contentUrl":"https:\/\/www.dubois-depraz.ch\/wp-content\/uploads\/2021\/02\/DD-sigle-jumbo.png","width":1440,"height":1200,"caption":"Dubois D\u00c9PRAZ"},"image":{"@id":"https:\/\/www.dubois-depraz.ch\/#\/schema\/logo\/image\/"}}]}},"_links":{"self":[{"href":"https:\/\/www.dubois-depraz.ch\/en\/wp-json\/wp\/v2\/product\/9843","targetHints":{"allow":["GET"]}}],"collection":[{"href":"https:\/\/www.dubois-depraz.ch\/en\/wp-json\/wp\/v2\/product"}],"about":[{"href":"https:\/\/www.dubois-depraz.ch\/en\/wp-json\/wp\/v2\/types\/product"}],"wp:featuredmedia":[{"embeddable":true,"href":"https:\/\/www.dubois-depraz.ch\/en\/wp-json\/wp\/v2\/media\/9335"}],"wp:attachment":[{"href":"https:\/\/www.dubois-depraz.ch\/en\/wp-json\/wp\/v2\/media?parent=9843"}],"wp:term":[{"taxonomy":"product_brand","embeddable":true,"href":"https:\/\/www.dubois-depraz.ch\/en\/wp-json\/wp\/v2\/product_brand?post=9843"},{"taxonomy":"product_cat","embeddable":true,"href":"https:\/\/www.dubois-depraz.ch\/en\/wp-json\/wp\/v2\/product_cat?post=9843"},{"taxonomy":"product_tag","embeddable":true,"href":"https:\/\/www.dubois-depraz.ch\/en\/wp-json\/wp\/v2\/product_tag?post=9843"}],"curies":[{"name":"wp","href":"https:\/\/api.w.org\/{rel}","templated":true}]}}