{"id":9783,"date":"2019-05-23T11:41:45","date_gmt":"2019-05-23T09:41:45","guid":{"rendered":"https:\/\/www.dubois-depraz.ch\/produit\/dd250\/"},"modified":"2019-05-23T11:41:45","modified_gmt":"2019-05-23T09:41:45","slug":"dd250","status":"publish","type":"product","link":"https:\/\/www.dubois-depraz.ch\/en\/produit\/dd250\/","title":{"rendered":"DD250"},"content":{"rendered":"<div class=\"row\">\n<div class=\"col-sm\">\n<p class=\"p1\">Particularit\u00e9s<\/p>\n<p><span style=\"color: #fac419\">&#8211;<\/span> Compteur 60 secondes au centre<br \/>\n&#8211; 30-minute pointer <span style=\"color: #fac419\"> counter<\/span><br \/>\n&#8211; 12-hour pointer <span style=\"color: #fac419\"> counter<\/span><br \/>\n&#8211; <span style=\"color: #fac419\"> Small<\/span> seconds hand<br \/>\n&#8211; <span style=\"color: #fac419\"> Date<\/span> window<br \/>\n&#8211; Skeletonized <span style=\"color: #fac419\"> module<\/span> (blue color on request)<\/p>\n<\/div>\n<div class=\"col-sm\">\n<p class=\"p1\">Sp\u00e9cifications<\/p>\n<p><span style=\"color: #fac419\">&#8211;<\/span> \u00c9paisseur totale : <strong>6,60 mm<\/strong><br \/>\n&#8211; Module <span style=\"color: #fac419\"> thickness<\/span>: <strong>3.00 mm<\/strong><br \/>\n<span style=\"color: #fac419\">&#8211;<\/span> Encageage : <strong>\u00d8 30,00 mm<\/strong><\/p>\n<\/div>\n<\/div>\n<div class=\"row\" style=\"margin-top: 30px\"><\/div>\n<p>&nbsp;<\/p>\n","protected":false},"excerpt":{"rendered":"<p>Particularit\u00e9s &#8211; Compteur 60 secondes au centre &#8211; 30-minute pointer counter &#8211; 12-hour pointer counter &#8211; Small seconds hand &#8211; Date window &#8211; Skeletonized module (blue color on request) Sp\u00e9cifications &#8211; \u00c9paisseur totale : 6,60 mm &#8211; Module thickness: 3.00 mm &#8211; Encageage : \u00d8 30,00 mm &nbsp;<\/p>\n","protected":false},"featured_media":9593,"template":"","meta":{"_acf_changed":false},"product_brand":[],"product_cat":[192],"product_tag":[195,208,227,219],"class_list":{"0":"post-9783","1":"product","2":"type-product","3":"status-publish","4":"has-post-thumbnail","6":"product_cat-chronograph","7":"product_tag-3-counters","8":"product_tag-aperture-date-display","9":"product_tag-skeleton","10":"product_tag-small-seconds","11":"pa_3compteurs-3-compteurs-en","12":"pa_date-a-guichet-date-a-guichet-en","13":"pa_diametre-30-en","14":"pa_petite-seconde-petite-seconde-en","15":"pa_squelette-squelette-en","16":"entry","18":"first","19":"instock","20":"shipping-taxable","21":"product-type-simple"},"acf":[],"yoast_head":"<!-- This site is optimized with the Yoast SEO plugin v24.4 - https:\/\/yoast.com\/wordpress\/plugins\/seo\/ -->\n<title>DD250 - Dubois D\u00c9PRAZ<\/title>\n<meta name=\"robots\" content=\"index, follow, max-snippet:-1, max-image-preview:large, max-video-preview:-1\" \/>\n<link rel=\"canonical\" href=\"https:\/\/www.dubois-depraz.ch\/produit\/dd250\/\" \/>\n<meta property=\"og:locale\" content=\"en_US\" \/>\n<meta property=\"og:type\" content=\"article\" \/>\n<meta property=\"og:title\" content=\"DD250 - Dubois D\u00c9PRAZ\" \/>\n<meta property=\"og:description\" content=\"Particularit\u00e9s &#8211; Compteur 60 secondes au centre &#8211; 30-minute pointer counter &#8211; 12-hour pointer counter &#8211; Small seconds hand &#8211; Date window &#8211; Skeletonized module (blue color on request) Sp\u00e9cifications &#8211; \u00c9paisseur totale : 6,60 mm &#8211; Module thickness: 3.00 mm &#8211; Encageage : \u00d8 30,00 mm &nbsp;\" \/>\n<meta property=\"og:url\" content=\"https:\/\/www.dubois-depraz.ch\/produit\/dd250\/\" \/>\n<meta property=\"og:site_name\" content=\"Dubois D\u00c9PRAZ\" \/>\n<meta name=\"twitter:card\" content=\"summary_large_image\" \/>\n<script type=\"application\/ld+json\" class=\"yoast-schema-graph\">{\"@context\":\"https:\/\/schema.org\",\"@graph\":[{\"@type\":\"WebPage\",\"@id\":\"https:\/\/www.dubois-depraz.ch\/produit\/dd250\/\",\"url\":\"https:\/\/www.dubois-depraz.ch\/produit\/dd250\/\",\"name\":\"DD250 - Dubois D\u00c9PRAZ\",\"isPartOf\":{\"@id\":\"https:\/\/www.dubois-depraz.ch\/#website\"},\"primaryImageOfPage\":{\"@id\":\"https:\/\/www.dubois-depraz.ch\/produit\/dd250\/#primaryimage\"},\"image\":{\"@id\":\"https:\/\/www.dubois-depraz.ch\/produit\/dd250\/#primaryimage\"},\"thumbnailUrl\":\"https:\/\/www.dubois-depraz.ch\/wp-content\/uploads\/2019\/05\/250R.png\",\"datePublished\":\"2019-05-23T09:41:45+00:00\",\"breadcrumb\":{\"@id\":\"https:\/\/www.dubois-depraz.ch\/produit\/dd250\/#breadcrumb\"},\"inLanguage\":\"en-US\",\"potentialAction\":[{\"@type\":\"ReadAction\",\"target\":[\"https:\/\/www.dubois-depraz.ch\/produit\/dd250\/\"]}]},{\"@type\":\"ImageObject\",\"inLanguage\":\"en-US\",\"@id\":\"https:\/\/www.dubois-depraz.ch\/produit\/dd250\/#primaryimage\",\"url\":\"https:\/\/www.dubois-depraz.ch\/wp-content\/uploads\/2019\/05\/250R.png\",\"contentUrl\":\"https:\/\/www.dubois-depraz.ch\/wp-content\/uploads\/2019\/05\/250R.png\",\"width\":779,\"height\":886},{\"@type\":\"BreadcrumbList\",\"@id\":\"https:\/\/www.dubois-depraz.ch\/produit\/dd250\/#breadcrumb\",\"itemListElement\":[{\"@type\":\"ListItem\",\"position\":1,\"name\":\"Accueil\",\"item\":\"https:\/\/www.dubois-depraz.ch\/en\/home\/\"},{\"@type\":\"ListItem\",\"position\":2,\"name\":\"Shop\",\"item\":\"https:\/\/www.dubois-depraz.ch\/en\/shop\/\"},{\"@type\":\"ListItem\",\"position\":3,\"name\":\"DD250\"}]},{\"@type\":\"WebSite\",\"@id\":\"https:\/\/www.dubois-depraz.ch\/#website\",\"url\":\"https:\/\/www.dubois-depraz.ch\/\",\"name\":\"Dubois D\u00c9PRAZ\",\"description\":\"UNE SYMPHONIE DE SAVOIR FAIRE\",\"publisher\":{\"@id\":\"https:\/\/www.dubois-depraz.ch\/#organization\"},\"potentialAction\":[{\"@type\":\"SearchAction\",\"target\":{\"@type\":\"EntryPoint\",\"urlTemplate\":\"https:\/\/www.dubois-depraz.ch\/?s={search_term_string}\"},\"query-input\":{\"@type\":\"PropertyValueSpecification\",\"valueRequired\":true,\"valueName\":\"search_term_string\"}}],\"inLanguage\":\"en-US\"},{\"@type\":\"Organization\",\"@id\":\"https:\/\/www.dubois-depraz.ch\/#organization\",\"name\":\"Dubois D\u00c9PRAZ\",\"url\":\"https:\/\/www.dubois-depraz.ch\/\",\"logo\":{\"@type\":\"ImageObject\",\"inLanguage\":\"en-US\",\"@id\":\"https:\/\/www.dubois-depraz.ch\/#\/schema\/logo\/image\/\",\"url\":\"https:\/\/www.dubois-depraz.ch\/wp-content\/uploads\/2021\/02\/DD-sigle-jumbo.png\",\"contentUrl\":\"https:\/\/www.dubois-depraz.ch\/wp-content\/uploads\/2021\/02\/DD-sigle-jumbo.png\",\"width\":1440,\"height\":1200,\"caption\":\"Dubois D\u00c9PRAZ\"},\"image\":{\"@id\":\"https:\/\/www.dubois-depraz.ch\/#\/schema\/logo\/image\/\"}}]}<\/script>\n<!-- \/ Yoast SEO plugin. -->","yoast_head_json":{"title":"DD250 - Dubois D\u00c9PRAZ","robots":{"index":"index","follow":"follow","max-snippet":"max-snippet:-1","max-image-preview":"max-image-preview:large","max-video-preview":"max-video-preview:-1"},"canonical":"https:\/\/www.dubois-depraz.ch\/produit\/dd250\/","og_locale":"en_US","og_type":"article","og_title":"DD250 - Dubois D\u00c9PRAZ","og_description":"Particularit\u00e9s &#8211; Compteur 60 secondes au centre &#8211; 30-minute pointer counter &#8211; 12-hour pointer counter &#8211; Small seconds hand &#8211; Date window &#8211; Skeletonized module (blue color on request) Sp\u00e9cifications &#8211; \u00c9paisseur totale : 6,60 mm &#8211; Module thickness: 3.00 mm &#8211; Encageage : \u00d8 30,00 mm &nbsp;","og_url":"https:\/\/www.dubois-depraz.ch\/produit\/dd250\/","og_site_name":"Dubois D\u00c9PRAZ","twitter_card":"summary_large_image","schema":{"@context":"https:\/\/schema.org","@graph":[{"@type":"WebPage","@id":"https:\/\/www.dubois-depraz.ch\/produit\/dd250\/","url":"https:\/\/www.dubois-depraz.ch\/produit\/dd250\/","name":"DD250 - Dubois D\u00c9PRAZ","isPartOf":{"@id":"https:\/\/www.dubois-depraz.ch\/#website"},"primaryImageOfPage":{"@id":"https:\/\/www.dubois-depraz.ch\/produit\/dd250\/#primaryimage"},"image":{"@id":"https:\/\/www.dubois-depraz.ch\/produit\/dd250\/#primaryimage"},"thumbnailUrl":"https:\/\/www.dubois-depraz.ch\/wp-content\/uploads\/2019\/05\/250R.png","datePublished":"2019-05-23T09:41:45+00:00","breadcrumb":{"@id":"https:\/\/www.dubois-depraz.ch\/produit\/dd250\/#breadcrumb"},"inLanguage":"en-US","potentialAction":[{"@type":"ReadAction","target":["https:\/\/www.dubois-depraz.ch\/produit\/dd250\/"]}]},{"@type":"ImageObject","inLanguage":"en-US","@id":"https:\/\/www.dubois-depraz.ch\/produit\/dd250\/#primaryimage","url":"https:\/\/www.dubois-depraz.ch\/wp-content\/uploads\/2019\/05\/250R.png","contentUrl":"https:\/\/www.dubois-depraz.ch\/wp-content\/uploads\/2019\/05\/250R.png","width":779,"height":886},{"@type":"BreadcrumbList","@id":"https:\/\/www.dubois-depraz.ch\/produit\/dd250\/#breadcrumb","itemListElement":[{"@type":"ListItem","position":1,"name":"Accueil","item":"https:\/\/www.dubois-depraz.ch\/en\/home\/"},{"@type":"ListItem","position":2,"name":"Shop","item":"https:\/\/www.dubois-depraz.ch\/en\/shop\/"},{"@type":"ListItem","position":3,"name":"DD250"}]},{"@type":"WebSite","@id":"https:\/\/www.dubois-depraz.ch\/#website","url":"https:\/\/www.dubois-depraz.ch\/","name":"Dubois D\u00c9PRAZ","description":"UNE SYMPHONIE DE SAVOIR FAIRE","publisher":{"@id":"https:\/\/www.dubois-depraz.ch\/#organization"},"potentialAction":[{"@type":"SearchAction","target":{"@type":"EntryPoint","urlTemplate":"https:\/\/www.dubois-depraz.ch\/?s={search_term_string}"},"query-input":{"@type":"PropertyValueSpecification","valueRequired":true,"valueName":"search_term_string"}}],"inLanguage":"en-US"},{"@type":"Organization","@id":"https:\/\/www.dubois-depraz.ch\/#organization","name":"Dubois D\u00c9PRAZ","url":"https:\/\/www.dubois-depraz.ch\/","logo":{"@type":"ImageObject","inLanguage":"en-US","@id":"https:\/\/www.dubois-depraz.ch\/#\/schema\/logo\/image\/","url":"https:\/\/www.dubois-depraz.ch\/wp-content\/uploads\/2021\/02\/DD-sigle-jumbo.png","contentUrl":"https:\/\/www.dubois-depraz.ch\/wp-content\/uploads\/2021\/02\/DD-sigle-jumbo.png","width":1440,"height":1200,"caption":"Dubois D\u00c9PRAZ"},"image":{"@id":"https:\/\/www.dubois-depraz.ch\/#\/schema\/logo\/image\/"}}]}},"_links":{"self":[{"href":"https:\/\/www.dubois-depraz.ch\/en\/wp-json\/wp\/v2\/product\/9783","targetHints":{"allow":["GET"]}}],"collection":[{"href":"https:\/\/www.dubois-depraz.ch\/en\/wp-json\/wp\/v2\/product"}],"about":[{"href":"https:\/\/www.dubois-depraz.ch\/en\/wp-json\/wp\/v2\/types\/product"}],"wp:featuredmedia":[{"embeddable":true,"href":"https:\/\/www.dubois-depraz.ch\/en\/wp-json\/wp\/v2\/media\/9593"}],"wp:attachment":[{"href":"https:\/\/www.dubois-depraz.ch\/en\/wp-json\/wp\/v2\/media?parent=9783"}],"wp:term":[{"taxonomy":"product_brand","embeddable":true,"href":"https:\/\/www.dubois-depraz.ch\/en\/wp-json\/wp\/v2\/product_brand?post=9783"},{"taxonomy":"product_cat","embeddable":true,"href":"https:\/\/www.dubois-depraz.ch\/en\/wp-json\/wp\/v2\/product_cat?post=9783"},{"taxonomy":"product_tag","embeddable":true,"href":"https:\/\/www.dubois-depraz.ch\/en\/wp-json\/wp\/v2\/product_tag?post=9783"}],"curies":[{"name":"wp","href":"https:\/\/api.w.org\/{rel}","templated":true}]}}