{"id":9752,"date":"2021-02-22T11:53:01","date_gmt":"2021-02-22T10:53:01","guid":{"rendered":"https:\/\/www.dubois-depraz.ch\/produit\/dd16020\/"},"modified":"2021-02-22T11:53:01","modified_gmt":"2021-02-22T10:53:01","slug":"dd16020","status":"publish","type":"product","link":"https:\/\/www.dubois-depraz.ch\/en\/produit\/dd16020\/","title":{"rendered":"DD16020"},"content":{"rendered":"<div class=\"row\">\n<div class=\"col-sm\">\n<p class=\"p1\">Particularit\u00e9s<\/p>\n<p>&#8211; Run <span style=\"color: #fac419\"> indicator<\/span> <\/p>\n<\/div>\n<div class=\"col-sm\">\n<p class=\"p1\">Sp\u00e9cifications<\/p>\n<p>&#8211; Total <span style=\"color: #fac419\"> thickness<\/span>: <strong>5.20 mm \/ SW300<\/strong><br \/>\n&#8211; Overall <span style=\"color: #fac419\"> thickness<\/span>: <strong>6.20 mm \/ SW200<\/strong><br \/>\n&#8211; <span style=\"color: #fac419\"> Casing<\/span>: <strong>\u00d8 26.20 mm<\/strong><br \/>\n&#8211; <span style=\"color: #fac419\"> To and from<\/span> 143\u00b0 in 30 seconds (2 x 15 s)<\/p>\n<\/div>\n<\/div>\n<div class=\"row\" style=\"margin-top: 30px\"><\/div>\n","protected":false},"excerpt":{"rendered":"<p>Particularit\u00e9s &#8211; Run indicator Sp\u00e9cifications &#8211; Total thickness: 5.20 mm \/ SW300 &#8211; Overall thickness: 6.20 mm \/ SW200 &#8211; Casing: \u00d8 26.20 mm &#8211; To and from 143\u00b0 in 30 seconds (2 x 15 s)<\/p>\n","protected":false},"featured_media":9435,"template":"","meta":{"_acf_changed":false},"product_brand":[],"product_cat":[190],"product_tag":[211],"class_list":{"0":"post-9752","1":"product","2":"type-product","3":"status-publish","4":"has-post-thumbnail","6":"product_cat-other-functions","7":"product_tag-power-indicator","8":"pa_diametre-3260-en","9":"pa_indic-de-marche-run-indicator","10":"entry","12":"first","13":"instock","14":"shipping-taxable","15":"product-type-simple"},"acf":[],"yoast_head":"<!-- This site is optimized with the Yoast SEO plugin v24.4 - https:\/\/yoast.com\/wordpress\/plugins\/seo\/ -->\n<title>DD16020 - Dubois D\u00c9PRAZ<\/title>\n<meta name=\"robots\" content=\"index, follow, max-snippet:-1, max-image-preview:large, max-video-preview:-1\" \/>\n<link rel=\"canonical\" href=\"https:\/\/www.dubois-depraz.ch\/produit\/dd16020\/\" \/>\n<meta property=\"og:locale\" content=\"en_US\" \/>\n<meta property=\"og:type\" content=\"article\" \/>\n<meta property=\"og:title\" content=\"DD16020 - Dubois D\u00c9PRAZ\" \/>\n<meta property=\"og:description\" content=\"Particularit\u00e9s &#8211; Run indicator Sp\u00e9cifications &#8211; Total thickness: 5.20 mm \/ SW300 &#8211; Overall thickness: 6.20 mm \/ SW200 &#8211; Casing: \u00d8 26.20 mm &#8211; To and from 143\u00b0 in 30 seconds (2 x 15 s)\" \/>\n<meta property=\"og:url\" content=\"https:\/\/www.dubois-depraz.ch\/produit\/dd16020\/\" \/>\n<meta property=\"og:site_name\" content=\"Dubois D\u00c9PRAZ\" \/>\n<meta name=\"twitter:card\" content=\"summary_large_image\" \/>\n<script type=\"application\/ld+json\" class=\"yoast-schema-graph\">{\"@context\":\"https:\/\/schema.org\",\"@graph\":[{\"@type\":\"WebPage\",\"@id\":\"https:\/\/www.dubois-depraz.ch\/produit\/dd16020\/\",\"url\":\"https:\/\/www.dubois-depraz.ch\/produit\/dd16020\/\",\"name\":\"DD16020 - Dubois D\u00c9PRAZ\",\"isPartOf\":{\"@id\":\"https:\/\/www.dubois-depraz.ch\/#website\"},\"primaryImageOfPage\":{\"@id\":\"https:\/\/www.dubois-depraz.ch\/produit\/dd16020\/#primaryimage\"},\"image\":{\"@id\":\"https:\/\/www.dubois-depraz.ch\/produit\/dd16020\/#primaryimage\"},\"thumbnailUrl\":\"https:\/\/www.dubois-depraz.ch\/wp-content\/uploads\/2021\/02\/16020_NEW.png\",\"datePublished\":\"2021-02-22T10:53:01+00:00\",\"breadcrumb\":{\"@id\":\"https:\/\/www.dubois-depraz.ch\/produit\/dd16020\/#breadcrumb\"},\"inLanguage\":\"en-US\",\"potentialAction\":[{\"@type\":\"ReadAction\",\"target\":[\"https:\/\/www.dubois-depraz.ch\/produit\/dd16020\/\"]}]},{\"@type\":\"ImageObject\",\"inLanguage\":\"en-US\",\"@id\":\"https:\/\/www.dubois-depraz.ch\/produit\/dd16020\/#primaryimage\",\"url\":\"https:\/\/www.dubois-depraz.ch\/wp-content\/uploads\/2021\/02\/16020_NEW.png\",\"contentUrl\":\"https:\/\/www.dubois-depraz.ch\/wp-content\/uploads\/2021\/02\/16020_NEW.png\",\"width\":799,\"height\":834},{\"@type\":\"BreadcrumbList\",\"@id\":\"https:\/\/www.dubois-depraz.ch\/produit\/dd16020\/#breadcrumb\",\"itemListElement\":[{\"@type\":\"ListItem\",\"position\":1,\"name\":\"Accueil\",\"item\":\"https:\/\/www.dubois-depraz.ch\/en\/home\/\"},{\"@type\":\"ListItem\",\"position\":2,\"name\":\"Shop\",\"item\":\"https:\/\/www.dubois-depraz.ch\/en\/shop\/\"},{\"@type\":\"ListItem\",\"position\":3,\"name\":\"DD16020\"}]},{\"@type\":\"WebSite\",\"@id\":\"https:\/\/www.dubois-depraz.ch\/#website\",\"url\":\"https:\/\/www.dubois-depraz.ch\/\",\"name\":\"Dubois D\u00c9PRAZ\",\"description\":\"UNE SYMPHONIE DE SAVOIR FAIRE\",\"publisher\":{\"@id\":\"https:\/\/www.dubois-depraz.ch\/#organization\"},\"potentialAction\":[{\"@type\":\"SearchAction\",\"target\":{\"@type\":\"EntryPoint\",\"urlTemplate\":\"https:\/\/www.dubois-depraz.ch\/?s={search_term_string}\"},\"query-input\":{\"@type\":\"PropertyValueSpecification\",\"valueRequired\":true,\"valueName\":\"search_term_string\"}}],\"inLanguage\":\"en-US\"},{\"@type\":\"Organization\",\"@id\":\"https:\/\/www.dubois-depraz.ch\/#organization\",\"name\":\"Dubois D\u00c9PRAZ\",\"url\":\"https:\/\/www.dubois-depraz.ch\/\",\"logo\":{\"@type\":\"ImageObject\",\"inLanguage\":\"en-US\",\"@id\":\"https:\/\/www.dubois-depraz.ch\/#\/schema\/logo\/image\/\",\"url\":\"https:\/\/www.dubois-depraz.ch\/wp-content\/uploads\/2021\/02\/DD-sigle-jumbo.png\",\"contentUrl\":\"https:\/\/www.dubois-depraz.ch\/wp-content\/uploads\/2021\/02\/DD-sigle-jumbo.png\",\"width\":1440,\"height\":1200,\"caption\":\"Dubois D\u00c9PRAZ\"},\"image\":{\"@id\":\"https:\/\/www.dubois-depraz.ch\/#\/schema\/logo\/image\/\"}}]}<\/script>\n<!-- \/ Yoast SEO plugin. -->","yoast_head_json":{"title":"DD16020 - Dubois D\u00c9PRAZ","robots":{"index":"index","follow":"follow","max-snippet":"max-snippet:-1","max-image-preview":"max-image-preview:large","max-video-preview":"max-video-preview:-1"},"canonical":"https:\/\/www.dubois-depraz.ch\/produit\/dd16020\/","og_locale":"en_US","og_type":"article","og_title":"DD16020 - Dubois D\u00c9PRAZ","og_description":"Particularit\u00e9s &#8211; Run indicator Sp\u00e9cifications &#8211; Total thickness: 5.20 mm \/ SW300 &#8211; Overall thickness: 6.20 mm \/ SW200 &#8211; Casing: \u00d8 26.20 mm &#8211; To and from 143\u00b0 in 30 seconds (2 x 15 s)","og_url":"https:\/\/www.dubois-depraz.ch\/produit\/dd16020\/","og_site_name":"Dubois D\u00c9PRAZ","twitter_card":"summary_large_image","schema":{"@context":"https:\/\/schema.org","@graph":[{"@type":"WebPage","@id":"https:\/\/www.dubois-depraz.ch\/produit\/dd16020\/","url":"https:\/\/www.dubois-depraz.ch\/produit\/dd16020\/","name":"DD16020 - Dubois D\u00c9PRAZ","isPartOf":{"@id":"https:\/\/www.dubois-depraz.ch\/#website"},"primaryImageOfPage":{"@id":"https:\/\/www.dubois-depraz.ch\/produit\/dd16020\/#primaryimage"},"image":{"@id":"https:\/\/www.dubois-depraz.ch\/produit\/dd16020\/#primaryimage"},"thumbnailUrl":"https:\/\/www.dubois-depraz.ch\/wp-content\/uploads\/2021\/02\/16020_NEW.png","datePublished":"2021-02-22T10:53:01+00:00","breadcrumb":{"@id":"https:\/\/www.dubois-depraz.ch\/produit\/dd16020\/#breadcrumb"},"inLanguage":"en-US","potentialAction":[{"@type":"ReadAction","target":["https:\/\/www.dubois-depraz.ch\/produit\/dd16020\/"]}]},{"@type":"ImageObject","inLanguage":"en-US","@id":"https:\/\/www.dubois-depraz.ch\/produit\/dd16020\/#primaryimage","url":"https:\/\/www.dubois-depraz.ch\/wp-content\/uploads\/2021\/02\/16020_NEW.png","contentUrl":"https:\/\/www.dubois-depraz.ch\/wp-content\/uploads\/2021\/02\/16020_NEW.png","width":799,"height":834},{"@type":"BreadcrumbList","@id":"https:\/\/www.dubois-depraz.ch\/produit\/dd16020\/#breadcrumb","itemListElement":[{"@type":"ListItem","position":1,"name":"Accueil","item":"https:\/\/www.dubois-depraz.ch\/en\/home\/"},{"@type":"ListItem","position":2,"name":"Shop","item":"https:\/\/www.dubois-depraz.ch\/en\/shop\/"},{"@type":"ListItem","position":3,"name":"DD16020"}]},{"@type":"WebSite","@id":"https:\/\/www.dubois-depraz.ch\/#website","url":"https:\/\/www.dubois-depraz.ch\/","name":"Dubois D\u00c9PRAZ","description":"UNE SYMPHONIE DE SAVOIR FAIRE","publisher":{"@id":"https:\/\/www.dubois-depraz.ch\/#organization"},"potentialAction":[{"@type":"SearchAction","target":{"@type":"EntryPoint","urlTemplate":"https:\/\/www.dubois-depraz.ch\/?s={search_term_string}"},"query-input":{"@type":"PropertyValueSpecification","valueRequired":true,"valueName":"search_term_string"}}],"inLanguage":"en-US"},{"@type":"Organization","@id":"https:\/\/www.dubois-depraz.ch\/#organization","name":"Dubois D\u00c9PRAZ","url":"https:\/\/www.dubois-depraz.ch\/","logo":{"@type":"ImageObject","inLanguage":"en-US","@id":"https:\/\/www.dubois-depraz.ch\/#\/schema\/logo\/image\/","url":"https:\/\/www.dubois-depraz.ch\/wp-content\/uploads\/2021\/02\/DD-sigle-jumbo.png","contentUrl":"https:\/\/www.dubois-depraz.ch\/wp-content\/uploads\/2021\/02\/DD-sigle-jumbo.png","width":1440,"height":1200,"caption":"Dubois D\u00c9PRAZ"},"image":{"@id":"https:\/\/www.dubois-depraz.ch\/#\/schema\/logo\/image\/"}}]}},"_links":{"self":[{"href":"https:\/\/www.dubois-depraz.ch\/en\/wp-json\/wp\/v2\/product\/9752","targetHints":{"allow":["GET"]}}],"collection":[{"href":"https:\/\/www.dubois-depraz.ch\/en\/wp-json\/wp\/v2\/product"}],"about":[{"href":"https:\/\/www.dubois-depraz.ch\/en\/wp-json\/wp\/v2\/types\/product"}],"wp:featuredmedia":[{"embeddable":true,"href":"https:\/\/www.dubois-depraz.ch\/en\/wp-json\/wp\/v2\/media\/9435"}],"wp:attachment":[{"href":"https:\/\/www.dubois-depraz.ch\/en\/wp-json\/wp\/v2\/media?parent=9752"}],"wp:term":[{"taxonomy":"product_brand","embeddable":true,"href":"https:\/\/www.dubois-depraz.ch\/en\/wp-json\/wp\/v2\/product_brand?post=9752"},{"taxonomy":"product_cat","embeddable":true,"href":"https:\/\/www.dubois-depraz.ch\/en\/wp-json\/wp\/v2\/product_cat?post=9752"},{"taxonomy":"product_tag","embeddable":true,"href":"https:\/\/www.dubois-depraz.ch\/en\/wp-json\/wp\/v2\/product_tag?post=9752"}],"curies":[{"name":"wp","href":"https:\/\/api.w.org\/{rel}","templated":true}]}}