{"id":9745,"date":"2022-05-31T14:01:46","date_gmt":"2022-05-31T12:01:46","guid":{"rendered":"https:\/\/www.dubois-depraz.ch\/produit\/dd580\/"},"modified":"2022-05-31T14:01:46","modified_gmt":"2022-05-31T12:01:46","slug":"dd580","status":"publish","type":"product","link":"https:\/\/www.dubois-depraz.ch\/en\/produit\/dd580\/","title":{"rendered":"DD580"},"content":{"rendered":"<div class=\"row\">\n<div class=\"col-sm\">\n<p class=\"p1\">Particularit\u00e9s<\/p>\n<p><span style=\"color: #fac419\">&#8211;<\/span> Compteur 60 secondes au centre<br \/>\n<span style=\"color: #fac419\">&#8211;<\/span> Compteur concentrique 60 min. et 12 heures<br \/>\n<span style=\"color: #fac419\">&#8211;<\/span> Petite seconde<br \/>\n<span style=\"color: #fac419\">&#8211;<\/span> Indicateur des mois \u00e0 aiguille<br \/>\n<span style=\"color: #fac419\">&#8211;<\/span> Quanti\u00e8me perp\u00e9tuel \u00e0 aiguille<br \/>\n<span style=\"color: #fac419\">&#8211;<\/span> Indicateur de l&#8217;ann\u00e9e bissextile<br \/>\n<span style=\"color: #fac419\">&#8211;<\/span> Indicateur de r\u00e9serve de marche \u02c372 heures<br \/>\n<span style=\"color: #fac419\">&#8211;<\/span> Roue \u00e0 colonnes<br \/>\n<span style=\"color: #fac419\">&#8211;<\/span> Flyback<br \/>\n<span style=\"color: #fac419\">&#8211;<\/span> <strong>Mouvement Manufacture automatique<\/strong><\/p>\n<\/div>\n<div class=\"col-sm\">\n<p class=\"p1\">Sp\u00e9cifications<\/p>\n<p><span style=\"color: #fac419\">&#8211;<\/span> \u00c9paisseur totale : <strong>8,20 mm<\/strong><br \/>\n<span style=\"color: #fac419\">&#8211;<\/span> Encageage : <strong>\u00d8 32,00 mm<\/strong><\/p>\n<p>&nbsp;<\/p>\n<\/div>\n<\/div>\n","protected":false},"excerpt":{"rendered":"<p>Particularit\u00e9s &#8211; Compteur 60 secondes au centre &#8211; Compteur concentrique 60 min. et 12 heures &#8211; Petite seconde &#8211; Indicateur des mois \u00e0 aiguille &#8211; Quanti\u00e8me perp\u00e9tuel \u00e0 aiguille &#8211; Indicateur de l&#8217;ann\u00e9e bissextile &#8211; Indicateur de r\u00e9serve de marche \u02c372 heures &#8211; Roue \u00e0 colonnes &#8211; Flyback &#8211; Mouvement Manufacture automatique Sp\u00e9cifications &#8211; \u00c9paisseur &hellip; <\/p>\n<p class=\"link-more\"><a href=\"https:\/\/www.dubois-depraz.ch\/en\/produit\/dd580\/\" class=\"more-link\">Continue reading<span class=\"screen-reader-text\"> &#8220;DD580&#8221;<\/span><\/a><\/p>\n","protected":false},"featured_media":9563,"template":"","meta":{"_acf_changed":false},"product_brand":[],"product_cat":[193],"product_tag":[195,200,198,201,202,205,218,204,214,222,219],"class_list":{"0":"post-9745","1":"product","2":"type-product","3":"status-publish","4":"has-post-thumbnail","6":"product_cat-fine-watchmaking","7":"product_tag-3-counters","8":"product_tag-60-counter-2","9":"product_tag-automatic","10":"product_tag-central-counter","11":"product_tag-concentric-counter","12":"product_tag-fly-back-en","13":"product_tag-perpetual","14":"product_tag-pointer-hand-date-display","15":"product_tag-pointer-hand-month-display","16":"product_tag-power-reserve","17":"product_tag-small-seconds","18":"pa_3compteurs-3-compteurs-en","19":"pa_automatique-automatic","20":"pa_compteur-60-compteur-60-en","21":"pa_compteur-central-compteur-central-en","22":"pa_compteur-concentrique-compteur-concentrique-en","23":"pa_date-a-aiguille-date-a-aiguille-en","24":"pa_diametre-32-en","25":"pa_fly-back-fly-back-en","26":"pa_mois-a-aiguille-mois-a-aiguille-en","27":"pa_perpetuel-perpetuel-en","28":"pa_petite-seconde-petite-seconde-en","29":"pa_reserve-de-marche-reserve-de-marche-en","30":"entry","32":"first","33":"instock","34":"shipping-taxable","35":"product-type-simple"},"acf":[],"yoast_head":"<!-- This site is optimized with the Yoast SEO plugin v24.4 - https:\/\/yoast.com\/wordpress\/plugins\/seo\/ -->\n<title>DD580 - Dubois D\u00c9PRAZ<\/title>\n<meta name=\"robots\" content=\"index, follow, max-snippet:-1, max-image-preview:large, max-video-preview:-1\" \/>\n<link rel=\"canonical\" href=\"https:\/\/www.dubois-depraz.ch\/produit\/dd580\/\" \/>\n<meta property=\"og:locale\" content=\"en_US\" \/>\n<meta property=\"og:type\" content=\"article\" \/>\n<meta property=\"og:title\" content=\"DD580 - Dubois D\u00c9PRAZ\" \/>\n<meta property=\"og:description\" content=\"Particularit\u00e9s &#8211; Compteur 60 secondes au centre &#8211; Compteur concentrique 60 min. et 12 heures &#8211; Petite seconde &#8211; Indicateur des mois \u00e0 aiguille &#8211; Quanti\u00e8me perp\u00e9tuel \u00e0 aiguille &#8211; Indicateur de l&#8217;ann\u00e9e bissextile &#8211; Indicateur de r\u00e9serve de marche \u02c372 heures &#8211; Roue \u00e0 colonnes &#8211; Flyback &#8211; Mouvement Manufacture automatique Sp\u00e9cifications &#8211; \u00c9paisseur &hellip; Continue reading &quot;DD580&quot;\" \/>\n<meta property=\"og:url\" content=\"https:\/\/www.dubois-depraz.ch\/produit\/dd580\/\" \/>\n<meta property=\"og:site_name\" content=\"Dubois D\u00c9PRAZ\" \/>\n<meta name=\"twitter:card\" content=\"summary_large_image\" \/>\n<script type=\"application\/ld+json\" class=\"yoast-schema-graph\">{\"@context\":\"https:\/\/schema.org\",\"@graph\":[{\"@type\":\"WebPage\",\"@id\":\"https:\/\/www.dubois-depraz.ch\/produit\/dd580\/\",\"url\":\"https:\/\/www.dubois-depraz.ch\/produit\/dd580\/\",\"name\":\"DD580 - Dubois D\u00c9PRAZ\",\"isPartOf\":{\"@id\":\"https:\/\/www.dubois-depraz.ch\/#website\"},\"primaryImageOfPage\":{\"@id\":\"https:\/\/www.dubois-depraz.ch\/produit\/dd580\/#primaryimage\"},\"image\":{\"@id\":\"https:\/\/www.dubois-depraz.ch\/produit\/dd580\/#primaryimage\"},\"thumbnailUrl\":\"https:\/\/www.dubois-depraz.ch\/wp-content\/uploads\/2022\/05\/580.png\",\"datePublished\":\"2022-05-31T12:01:46+00:00\",\"breadcrumb\":{\"@id\":\"https:\/\/www.dubois-depraz.ch\/produit\/dd580\/#breadcrumb\"},\"inLanguage\":\"en-US\",\"potentialAction\":[{\"@type\":\"ReadAction\",\"target\":[\"https:\/\/www.dubois-depraz.ch\/produit\/dd580\/\"]}]},{\"@type\":\"ImageObject\",\"inLanguage\":\"en-US\",\"@id\":\"https:\/\/www.dubois-depraz.ch\/produit\/dd580\/#primaryimage\",\"url\":\"https:\/\/www.dubois-depraz.ch\/wp-content\/uploads\/2022\/05\/580.png\",\"contentUrl\":\"https:\/\/www.dubois-depraz.ch\/wp-content\/uploads\/2022\/05\/580.png\",\"width\":814,\"height\":925},{\"@type\":\"BreadcrumbList\",\"@id\":\"https:\/\/www.dubois-depraz.ch\/produit\/dd580\/#breadcrumb\",\"itemListElement\":[{\"@type\":\"ListItem\",\"position\":1,\"name\":\"Accueil\",\"item\":\"https:\/\/www.dubois-depraz.ch\/en\/home\/\"},{\"@type\":\"ListItem\",\"position\":2,\"name\":\"Shop\",\"item\":\"https:\/\/www.dubois-depraz.ch\/en\/shop\/\"},{\"@type\":\"ListItem\",\"position\":3,\"name\":\"DD580\"}]},{\"@type\":\"WebSite\",\"@id\":\"https:\/\/www.dubois-depraz.ch\/#website\",\"url\":\"https:\/\/www.dubois-depraz.ch\/\",\"name\":\"Dubois D\u00c9PRAZ\",\"description\":\"UNE SYMPHONIE DE SAVOIR FAIRE\",\"publisher\":{\"@id\":\"https:\/\/www.dubois-depraz.ch\/#organization\"},\"potentialAction\":[{\"@type\":\"SearchAction\",\"target\":{\"@type\":\"EntryPoint\",\"urlTemplate\":\"https:\/\/www.dubois-depraz.ch\/?s={search_term_string}\"},\"query-input\":{\"@type\":\"PropertyValueSpecification\",\"valueRequired\":true,\"valueName\":\"search_term_string\"}}],\"inLanguage\":\"en-US\"},{\"@type\":\"Organization\",\"@id\":\"https:\/\/www.dubois-depraz.ch\/#organization\",\"name\":\"Dubois D\u00c9PRAZ\",\"url\":\"https:\/\/www.dubois-depraz.ch\/\",\"logo\":{\"@type\":\"ImageObject\",\"inLanguage\":\"en-US\",\"@id\":\"https:\/\/www.dubois-depraz.ch\/#\/schema\/logo\/image\/\",\"url\":\"https:\/\/www.dubois-depraz.ch\/wp-content\/uploads\/2021\/02\/DD-sigle-jumbo.png\",\"contentUrl\":\"https:\/\/www.dubois-depraz.ch\/wp-content\/uploads\/2021\/02\/DD-sigle-jumbo.png\",\"width\":1440,\"height\":1200,\"caption\":\"Dubois D\u00c9PRAZ\"},\"image\":{\"@id\":\"https:\/\/www.dubois-depraz.ch\/#\/schema\/logo\/image\/\"}}]}<\/script>\n<!-- \/ Yoast SEO plugin. -->","yoast_head_json":{"title":"DD580 - Dubois D\u00c9PRAZ","robots":{"index":"index","follow":"follow","max-snippet":"max-snippet:-1","max-image-preview":"max-image-preview:large","max-video-preview":"max-video-preview:-1"},"canonical":"https:\/\/www.dubois-depraz.ch\/produit\/dd580\/","og_locale":"en_US","og_type":"article","og_title":"DD580 - Dubois D\u00c9PRAZ","og_description":"Particularit\u00e9s &#8211; Compteur 60 secondes au centre &#8211; Compteur concentrique 60 min. et 12 heures &#8211; Petite seconde &#8211; Indicateur des mois \u00e0 aiguille &#8211; Quanti\u00e8me perp\u00e9tuel \u00e0 aiguille &#8211; Indicateur de l&#8217;ann\u00e9e bissextile &#8211; Indicateur de r\u00e9serve de marche \u02c372 heures &#8211; Roue \u00e0 colonnes &#8211; Flyback &#8211; Mouvement Manufacture automatique Sp\u00e9cifications &#8211; \u00c9paisseur &hellip; Continue reading \"DD580\"","og_url":"https:\/\/www.dubois-depraz.ch\/produit\/dd580\/","og_site_name":"Dubois D\u00c9PRAZ","twitter_card":"summary_large_image","schema":{"@context":"https:\/\/schema.org","@graph":[{"@type":"WebPage","@id":"https:\/\/www.dubois-depraz.ch\/produit\/dd580\/","url":"https:\/\/www.dubois-depraz.ch\/produit\/dd580\/","name":"DD580 - Dubois D\u00c9PRAZ","isPartOf":{"@id":"https:\/\/www.dubois-depraz.ch\/#website"},"primaryImageOfPage":{"@id":"https:\/\/www.dubois-depraz.ch\/produit\/dd580\/#primaryimage"},"image":{"@id":"https:\/\/www.dubois-depraz.ch\/produit\/dd580\/#primaryimage"},"thumbnailUrl":"https:\/\/www.dubois-depraz.ch\/wp-content\/uploads\/2022\/05\/580.png","datePublished":"2022-05-31T12:01:46+00:00","breadcrumb":{"@id":"https:\/\/www.dubois-depraz.ch\/produit\/dd580\/#breadcrumb"},"inLanguage":"en-US","potentialAction":[{"@type":"ReadAction","target":["https:\/\/www.dubois-depraz.ch\/produit\/dd580\/"]}]},{"@type":"ImageObject","inLanguage":"en-US","@id":"https:\/\/www.dubois-depraz.ch\/produit\/dd580\/#primaryimage","url":"https:\/\/www.dubois-depraz.ch\/wp-content\/uploads\/2022\/05\/580.png","contentUrl":"https:\/\/www.dubois-depraz.ch\/wp-content\/uploads\/2022\/05\/580.png","width":814,"height":925},{"@type":"BreadcrumbList","@id":"https:\/\/www.dubois-depraz.ch\/produit\/dd580\/#breadcrumb","itemListElement":[{"@type":"ListItem","position":1,"name":"Accueil","item":"https:\/\/www.dubois-depraz.ch\/en\/home\/"},{"@type":"ListItem","position":2,"name":"Shop","item":"https:\/\/www.dubois-depraz.ch\/en\/shop\/"},{"@type":"ListItem","position":3,"name":"DD580"}]},{"@type":"WebSite","@id":"https:\/\/www.dubois-depraz.ch\/#website","url":"https:\/\/www.dubois-depraz.ch\/","name":"Dubois D\u00c9PRAZ","description":"UNE SYMPHONIE DE SAVOIR FAIRE","publisher":{"@id":"https:\/\/www.dubois-depraz.ch\/#organization"},"potentialAction":[{"@type":"SearchAction","target":{"@type":"EntryPoint","urlTemplate":"https:\/\/www.dubois-depraz.ch\/?s={search_term_string}"},"query-input":{"@type":"PropertyValueSpecification","valueRequired":true,"valueName":"search_term_string"}}],"inLanguage":"en-US"},{"@type":"Organization","@id":"https:\/\/www.dubois-depraz.ch\/#organization","name":"Dubois D\u00c9PRAZ","url":"https:\/\/www.dubois-depraz.ch\/","logo":{"@type":"ImageObject","inLanguage":"en-US","@id":"https:\/\/www.dubois-depraz.ch\/#\/schema\/logo\/image\/","url":"https:\/\/www.dubois-depraz.ch\/wp-content\/uploads\/2021\/02\/DD-sigle-jumbo.png","contentUrl":"https:\/\/www.dubois-depraz.ch\/wp-content\/uploads\/2021\/02\/DD-sigle-jumbo.png","width":1440,"height":1200,"caption":"Dubois D\u00c9PRAZ"},"image":{"@id":"https:\/\/www.dubois-depraz.ch\/#\/schema\/logo\/image\/"}}]}},"_links":{"self":[{"href":"https:\/\/www.dubois-depraz.ch\/en\/wp-json\/wp\/v2\/product\/9745","targetHints":{"allow":["GET"]}}],"collection":[{"href":"https:\/\/www.dubois-depraz.ch\/en\/wp-json\/wp\/v2\/product"}],"about":[{"href":"https:\/\/www.dubois-depraz.ch\/en\/wp-json\/wp\/v2\/types\/product"}],"wp:featuredmedia":[{"embeddable":true,"href":"https:\/\/www.dubois-depraz.ch\/en\/wp-json\/wp\/v2\/media\/9563"}],"wp:attachment":[{"href":"https:\/\/www.dubois-depraz.ch\/en\/wp-json\/wp\/v2\/media?parent=9745"}],"wp:term":[{"taxonomy":"product_brand","embeddable":true,"href":"https:\/\/www.dubois-depraz.ch\/en\/wp-json\/wp\/v2\/product_brand?post=9745"},{"taxonomy":"product_cat","embeddable":true,"href":"https:\/\/www.dubois-depraz.ch\/en\/wp-json\/wp\/v2\/product_cat?post=9745"},{"taxonomy":"product_tag","embeddable":true,"href":"https:\/\/www.dubois-depraz.ch\/en\/wp-json\/wp\/v2\/product_tag?post=9745"}],"curies":[{"name":"wp","href":"https:\/\/api.w.org\/{rel}","templated":true}]}}