{"id":9744,"date":"2022-06-13T10:53:53","date_gmt":"2022-06-13T08:53:53","guid":{"rendered":"https:\/\/www.dubois-depraz.ch\/produit\/dd360\/"},"modified":"2024-11-21T16:47:17","modified_gmt":"2024-11-21T15:47:17","slug":"dd360","status":"publish","type":"product","link":"https:\/\/www.dubois-depraz.ch\/en\/produit\/dd360\/","title":{"rendered":"DD360"},"content":{"rendered":"<div class=\"row\">\n<div class=\"col-sm\">\n<p class=\"p1\">Particularit\u00e9s<\/p>\n<p><span style=\"color: #fac419\">&#8211;<\/span> Aiguille de 12h (Local time)<br \/>\n<span style=\"color: #fac419\">&#8211;<\/span> Indexation des 12h (Local time)<br \/>\n<span style=\"color: #fac419\">&#8211;<\/span> Indicateurs de l&#8217;\u00e9tat de correction \u00b1 \u00e0 guichet<br \/>\n<span style=\"color: #fac419\">&#8211;<\/span> Aiguille de 12h (Home time)<br \/>\n<span style=\"color: #fac419\">&#8211;<\/span> Indicateur jour\/nuit du Home time \u00e0 guichet<br \/>\n<span style=\"color: #fac419\">&#8211;<\/span> Indicateur de quanti\u00e8me \u00e0 aiguille<br \/>\n<span style=\"color: #fac419\">&#8211;<\/span> Correcteur du quanti\u00e8me<br \/>\n<span style=\"color: #fac419\">&#8211;<\/span> Seconde au centre<\/p>\n<\/div>\n<div class=\"col-sm\">\n<p class=\"p1\">Sp\u00e9cifications<\/p>\n<p><span style=\"color: #fac419\">&#8211;<\/span> \u00c9paisseur totale : <strong>5,20 mm<\/strong><br \/>\n<span style=\"color: #fac419\">&#8211;<\/span> \u00c9paisseur module : <strong>1,60 mm<\/strong><br \/>\n<span style=\"color: #fac419\">&#8211;<\/span> Encageage : <strong>\u00d8 30,00 mm<\/strong><\/p>\n<\/div>\n<\/div>\n<div class=\"row\" style=\"margin-top: 30px\"><\/div>\n","protected":false},"excerpt":{"rendered":"<p>Particularit\u00e9s &#8211; Aiguille de 12h (Local time) &#8211; Indexation des 12h (Local time) &#8211; Indicateurs de l&#8217;\u00e9tat de correction \u00b1 \u00e0 guichet &#8211; Aiguille de 12h (Home time) &#8211; Indicateur jour\/nuit du Home time \u00e0 guichet &#8211; Indicateur de quanti\u00e8me \u00e0 aiguille &#8211; Correcteur du quanti\u00e8me &#8211; Seconde au centre Sp\u00e9cifications &#8211; \u00c9paisseur totale : &hellip; <\/p>\n<p class=\"link-more\"><a href=\"https:\/\/www.dubois-depraz.ch\/en\/produit\/dd360\/\" class=\"more-link\">Continue reading<span class=\"screen-reader-text\"> &#8220;DD360&#8221;<\/span><\/a><\/p>\n","protected":false},"featured_media":9559,"template":"","meta":{"_acf_changed":false},"product_brand":[],"product_cat":[18],"product_tag":[238,237],"class_list":{"0":"post-9744","1":"product","2":"type-product","3":"status-publish","4":"has-post-thumbnail","6":"product_cat-non-classe","7":"product_tag-2-counters-en","8":"product_tag-central-seconds-en-2","9":"pa_diametre-30-en","10":"pa_fuseau-fuseau-en","11":"pa_seconde-au-centre-seconde-au-centre-en","12":"entry","14":"first","15":"instock","16":"shipping-taxable","17":"product-type-simple"},"acf":[],"yoast_head":"<!-- This site is optimized with the Yoast SEO plugin v24.4 - https:\/\/yoast.com\/wordpress\/plugins\/seo\/ -->\n<title>DD360 - Dubois D\u00c9PRAZ<\/title>\n<meta name=\"robots\" content=\"index, follow, max-snippet:-1, max-image-preview:large, max-video-preview:-1\" \/>\n<link rel=\"canonical\" href=\"https:\/\/www.dubois-depraz.ch\/en\/produit\/dd360\/\" \/>\n<meta property=\"og:locale\" content=\"en_US\" \/>\n<meta property=\"og:type\" content=\"article\" \/>\n<meta property=\"og:title\" content=\"DD360 - Dubois D\u00c9PRAZ\" \/>\n<meta property=\"og:description\" content=\"Particularit\u00e9s &#8211; Aiguille de 12h (Local time) &#8211; Indexation des 12h (Local time) &#8211; Indicateurs de l&#8217;\u00e9tat de correction \u00b1 \u00e0 guichet &#8211; Aiguille de 12h (Home time) &#8211; Indicateur jour\/nuit du Home time \u00e0 guichet &#8211; Indicateur de quanti\u00e8me \u00e0 aiguille &#8211; Correcteur du quanti\u00e8me &#8211; Seconde au centre Sp\u00e9cifications &#8211; \u00c9paisseur totale : &hellip; Continue reading &quot;DD360&quot;\" \/>\n<meta property=\"og:url\" content=\"https:\/\/www.dubois-depraz.ch\/en\/produit\/dd360\/\" \/>\n<meta property=\"og:site_name\" content=\"Dubois D\u00c9PRAZ\" \/>\n<meta property=\"article:modified_time\" content=\"2024-11-21T15:47:17+00:00\" \/>\n<meta property=\"og:image\" content=\"https:\/\/www.dubois-depraz.ch\/wp-content\/uploads\/2022\/05\/360.png\" \/>\n\t<meta property=\"og:image:width\" content=\"1559\" \/>\n\t<meta property=\"og:image:height\" content=\"1812\" \/>\n\t<meta property=\"og:image:type\" content=\"image\/png\" \/>\n<meta name=\"twitter:card\" content=\"summary_large_image\" \/>\n<script type=\"application\/ld+json\" class=\"yoast-schema-graph\">{\"@context\":\"https:\/\/schema.org\",\"@graph\":[{\"@type\":\"WebPage\",\"@id\":\"https:\/\/www.dubois-depraz.ch\/en\/produit\/dd360\/\",\"url\":\"https:\/\/www.dubois-depraz.ch\/en\/produit\/dd360\/\",\"name\":\"DD360 - Dubois D\u00c9PRAZ\",\"isPartOf\":{\"@id\":\"https:\/\/www.dubois-depraz.ch\/#website\"},\"primaryImageOfPage\":{\"@id\":\"https:\/\/www.dubois-depraz.ch\/en\/produit\/dd360\/#primaryimage\"},\"image\":{\"@id\":\"https:\/\/www.dubois-depraz.ch\/en\/produit\/dd360\/#primaryimage\"},\"thumbnailUrl\":\"https:\/\/www.dubois-depraz.ch\/wp-content\/uploads\/2022\/05\/360.png\",\"datePublished\":\"2022-06-13T08:53:53+00:00\",\"dateModified\":\"2024-11-21T15:47:17+00:00\",\"breadcrumb\":{\"@id\":\"https:\/\/www.dubois-depraz.ch\/en\/produit\/dd360\/#breadcrumb\"},\"inLanguage\":\"en-US\",\"potentialAction\":[{\"@type\":\"ReadAction\",\"target\":[\"https:\/\/www.dubois-depraz.ch\/en\/produit\/dd360\/\"]}]},{\"@type\":\"ImageObject\",\"inLanguage\":\"en-US\",\"@id\":\"https:\/\/www.dubois-depraz.ch\/en\/produit\/dd360\/#primaryimage\",\"url\":\"https:\/\/www.dubois-depraz.ch\/wp-content\/uploads\/2022\/05\/360.png\",\"contentUrl\":\"https:\/\/www.dubois-depraz.ch\/wp-content\/uploads\/2022\/05\/360.png\",\"width\":1559,\"height\":1812},{\"@type\":\"BreadcrumbList\",\"@id\":\"https:\/\/www.dubois-depraz.ch\/en\/produit\/dd360\/#breadcrumb\",\"itemListElement\":[{\"@type\":\"ListItem\",\"position\":1,\"name\":\"Accueil\",\"item\":\"https:\/\/www.dubois-depraz.ch\/en\/home\/\"},{\"@type\":\"ListItem\",\"position\":2,\"name\":\"Shop\",\"item\":\"https:\/\/www.dubois-depraz.ch\/en\/shop\/\"},{\"@type\":\"ListItem\",\"position\":3,\"name\":\"DD360\"}]},{\"@type\":\"WebSite\",\"@id\":\"https:\/\/www.dubois-depraz.ch\/#website\",\"url\":\"https:\/\/www.dubois-depraz.ch\/\",\"name\":\"Dubois D\u00c9PRAZ\",\"description\":\"UNE SYMPHONIE DE SAVOIR FAIRE\",\"publisher\":{\"@id\":\"https:\/\/www.dubois-depraz.ch\/#organization\"},\"potentialAction\":[{\"@type\":\"SearchAction\",\"target\":{\"@type\":\"EntryPoint\",\"urlTemplate\":\"https:\/\/www.dubois-depraz.ch\/?s={search_term_string}\"},\"query-input\":{\"@type\":\"PropertyValueSpecification\",\"valueRequired\":true,\"valueName\":\"search_term_string\"}}],\"inLanguage\":\"en-US\"},{\"@type\":\"Organization\",\"@id\":\"https:\/\/www.dubois-depraz.ch\/#organization\",\"name\":\"Dubois D\u00c9PRAZ\",\"url\":\"https:\/\/www.dubois-depraz.ch\/\",\"logo\":{\"@type\":\"ImageObject\",\"inLanguage\":\"en-US\",\"@id\":\"https:\/\/www.dubois-depraz.ch\/#\/schema\/logo\/image\/\",\"url\":\"https:\/\/www.dubois-depraz.ch\/wp-content\/uploads\/2021\/02\/DD-sigle-jumbo.png\",\"contentUrl\":\"https:\/\/www.dubois-depraz.ch\/wp-content\/uploads\/2021\/02\/DD-sigle-jumbo.png\",\"width\":1440,\"height\":1200,\"caption\":\"Dubois D\u00c9PRAZ\"},\"image\":{\"@id\":\"https:\/\/www.dubois-depraz.ch\/#\/schema\/logo\/image\/\"}}]}<\/script>\n<!-- \/ Yoast SEO plugin. -->","yoast_head_json":{"title":"DD360 - Dubois D\u00c9PRAZ","robots":{"index":"index","follow":"follow","max-snippet":"max-snippet:-1","max-image-preview":"max-image-preview:large","max-video-preview":"max-video-preview:-1"},"canonical":"https:\/\/www.dubois-depraz.ch\/en\/produit\/dd360\/","og_locale":"en_US","og_type":"article","og_title":"DD360 - Dubois D\u00c9PRAZ","og_description":"Particularit\u00e9s &#8211; Aiguille de 12h (Local time) &#8211; Indexation des 12h (Local time) &#8211; Indicateurs de l&#8217;\u00e9tat de correction \u00b1 \u00e0 guichet &#8211; Aiguille de 12h (Home time) &#8211; Indicateur jour\/nuit du Home time \u00e0 guichet &#8211; Indicateur de quanti\u00e8me \u00e0 aiguille &#8211; Correcteur du quanti\u00e8me &#8211; Seconde au centre Sp\u00e9cifications &#8211; \u00c9paisseur totale : &hellip; Continue reading \"DD360\"","og_url":"https:\/\/www.dubois-depraz.ch\/en\/produit\/dd360\/","og_site_name":"Dubois D\u00c9PRAZ","article_modified_time":"2024-11-21T15:47:17+00:00","og_image":[{"width":1559,"height":1812,"url":"https:\/\/www.dubois-depraz.ch\/wp-content\/uploads\/2022\/05\/360.png","type":"image\/png"}],"twitter_card":"summary_large_image","schema":{"@context":"https:\/\/schema.org","@graph":[{"@type":"WebPage","@id":"https:\/\/www.dubois-depraz.ch\/en\/produit\/dd360\/","url":"https:\/\/www.dubois-depraz.ch\/en\/produit\/dd360\/","name":"DD360 - Dubois D\u00c9PRAZ","isPartOf":{"@id":"https:\/\/www.dubois-depraz.ch\/#website"},"primaryImageOfPage":{"@id":"https:\/\/www.dubois-depraz.ch\/en\/produit\/dd360\/#primaryimage"},"image":{"@id":"https:\/\/www.dubois-depraz.ch\/en\/produit\/dd360\/#primaryimage"},"thumbnailUrl":"https:\/\/www.dubois-depraz.ch\/wp-content\/uploads\/2022\/05\/360.png","datePublished":"2022-06-13T08:53:53+00:00","dateModified":"2024-11-21T15:47:17+00:00","breadcrumb":{"@id":"https:\/\/www.dubois-depraz.ch\/en\/produit\/dd360\/#breadcrumb"},"inLanguage":"en-US","potentialAction":[{"@type":"ReadAction","target":["https:\/\/www.dubois-depraz.ch\/en\/produit\/dd360\/"]}]},{"@type":"ImageObject","inLanguage":"en-US","@id":"https:\/\/www.dubois-depraz.ch\/en\/produit\/dd360\/#primaryimage","url":"https:\/\/www.dubois-depraz.ch\/wp-content\/uploads\/2022\/05\/360.png","contentUrl":"https:\/\/www.dubois-depraz.ch\/wp-content\/uploads\/2022\/05\/360.png","width":1559,"height":1812},{"@type":"BreadcrumbList","@id":"https:\/\/www.dubois-depraz.ch\/en\/produit\/dd360\/#breadcrumb","itemListElement":[{"@type":"ListItem","position":1,"name":"Accueil","item":"https:\/\/www.dubois-depraz.ch\/en\/home\/"},{"@type":"ListItem","position":2,"name":"Shop","item":"https:\/\/www.dubois-depraz.ch\/en\/shop\/"},{"@type":"ListItem","position":3,"name":"DD360"}]},{"@type":"WebSite","@id":"https:\/\/www.dubois-depraz.ch\/#website","url":"https:\/\/www.dubois-depraz.ch\/","name":"Dubois D\u00c9PRAZ","description":"UNE SYMPHONIE DE SAVOIR FAIRE","publisher":{"@id":"https:\/\/www.dubois-depraz.ch\/#organization"},"potentialAction":[{"@type":"SearchAction","target":{"@type":"EntryPoint","urlTemplate":"https:\/\/www.dubois-depraz.ch\/?s={search_term_string}"},"query-input":{"@type":"PropertyValueSpecification","valueRequired":true,"valueName":"search_term_string"}}],"inLanguage":"en-US"},{"@type":"Organization","@id":"https:\/\/www.dubois-depraz.ch\/#organization","name":"Dubois D\u00c9PRAZ","url":"https:\/\/www.dubois-depraz.ch\/","logo":{"@type":"ImageObject","inLanguage":"en-US","@id":"https:\/\/www.dubois-depraz.ch\/#\/schema\/logo\/image\/","url":"https:\/\/www.dubois-depraz.ch\/wp-content\/uploads\/2021\/02\/DD-sigle-jumbo.png","contentUrl":"https:\/\/www.dubois-depraz.ch\/wp-content\/uploads\/2021\/02\/DD-sigle-jumbo.png","width":1440,"height":1200,"caption":"Dubois D\u00c9PRAZ"},"image":{"@id":"https:\/\/www.dubois-depraz.ch\/#\/schema\/logo\/image\/"}}]}},"_links":{"self":[{"href":"https:\/\/www.dubois-depraz.ch\/en\/wp-json\/wp\/v2\/product\/9744","targetHints":{"allow":["GET"]}}],"collection":[{"href":"https:\/\/www.dubois-depraz.ch\/en\/wp-json\/wp\/v2\/product"}],"about":[{"href":"https:\/\/www.dubois-depraz.ch\/en\/wp-json\/wp\/v2\/types\/product"}],"wp:featuredmedia":[{"embeddable":true,"href":"https:\/\/www.dubois-depraz.ch\/en\/wp-json\/wp\/v2\/media\/9559"}],"wp:attachment":[{"href":"https:\/\/www.dubois-depraz.ch\/en\/wp-json\/wp\/v2\/media?parent=9744"}],"wp:term":[{"taxonomy":"product_brand","embeddable":true,"href":"https:\/\/www.dubois-depraz.ch\/en\/wp-json\/wp\/v2\/product_brand?post=9744"},{"taxonomy":"product_cat","embeddable":true,"href":"https:\/\/www.dubois-depraz.ch\/en\/wp-json\/wp\/v2\/product_cat?post=9744"},{"taxonomy":"product_tag","embeddable":true,"href":"https:\/\/www.dubois-depraz.ch\/en\/wp-json\/wp\/v2\/product_tag?post=9744"}],"curies":[{"name":"wp","href":"https:\/\/api.w.org\/{rel}","templated":true}]}}