{"id":3509,"date":"2020-09-02T14:30:00","date_gmt":"2020-09-02T12:30:00","guid":{"rendered":"https:\/\/www.dubois-depraz.ch\/produit\/dd16000\/"},"modified":"2022-06-09T10:48:28","modified_gmt":"2022-06-09T08:48:28","slug":"dd16000","status":"publish","type":"product","link":"https:\/\/www.dubois-depraz.ch\/en\/produit\/dd16000\/","title":{"rendered":"DD16000"},"content":{"rendered":"<div class=\"row\">\n<div class=\"col-sm\">\n<p class=\"p1\">Particularite\u0301s<\/p>\n<p><span style=\"color: #fac419\">&#8211;<\/span> Indicateur de marche<br \/>\n<span style=\"color: #fac419\">&#8211;<\/span> Quanti\u00e8me \u00e0 guichet<br \/>\n<span style=\"color: #fac419\">&#8211;<\/span> Pont sup\u00e9rieur nickel\u00e9<\/p>\n<\/div>\n<div class=\"col-sm\">\n<p class=\"p1\">Spe\u0301cifications<\/p>\n<p><span style=\"color: #fac419\">&#8211;<\/span> E\u0301paisseur totale : <strong>5,20 mm \/ SW300<\/strong><br \/>\n<span style=\"color: #fac419\">&#8211;<\/span> E\u0301paisseur totale : <strong>6,20 mm \/ SW200<\/strong><br \/>\n<span style=\"color: #fac419\">&#8211;<\/span> Encageage : <strong>\u00d8 32,60 mm<\/strong><br \/>\n<span style=\"color: #fac419\">&#8211;<\/span> Aller-retour de l&#8217;aiguille sur 143\u00b0 en 30 secondes (2 x 15 s)<\/p>\n<\/div>\n<\/div>\n<div class=\"row\" style=\"margin-top: 30px\"><\/div>\n","protected":false},"excerpt":{"rendered":"<p>Particularite\u0301s &#8211; Indicateur de marche &#8211; Quanti\u00e8me \u00e0 guichet &#8211; Pont sup\u00e9rieur nickel\u00e9 Spe\u0301cifications &#8211; E\u0301paisseur totale : 5,20 mm \/ SW300 &#8211; E\u0301paisseur totale : 6,20 mm \/ SW200 &#8211; Encageage : \u00d8 32,60 mm &#8211; Aller-retour de l&#8217;aiguille sur 143\u00b0 en 30 secondes (2 x 15 s)<\/p>\n","protected":false},"featured_media":7252,"template":"","meta":{"_acf_changed":false},"product_brand":[],"product_cat":[146],"product_tag":[101,171],"class_list":{"0":"post-3509","1":"product","2":"type-product","3":"status-publish","4":"has-post-thumbnail","6":"product_cat-autres-fonctions","7":"product_tag-date-a-guichet","8":"product_tag-indicateur-de-marche","9":"pa_date-a-guichet-date-a-guichet","10":"pa_diametre-151","11":"pa_indic-de-marche-indicateur-de-marche","12":"entry","14":"first","15":"instock","16":"shipping-taxable","17":"product-type-simple"},"acf":[],"yoast_head":"<!-- This site is optimized with the Yoast SEO plugin v24.4 - https:\/\/yoast.com\/wordpress\/plugins\/seo\/ -->\n<title>DD16000 - Dubois D\u00c9PRAZ<\/title>\n<meta name=\"robots\" content=\"index, follow, max-snippet:-1, max-image-preview:large, max-video-preview:-1\" \/>\n<link rel=\"canonical\" href=\"https:\/\/www.dubois-depraz.ch\/produit\/dd16000\/\" \/>\n<meta property=\"og:locale\" content=\"en_US\" \/>\n<meta property=\"og:type\" content=\"article\" \/>\n<meta property=\"og:title\" content=\"DD16000 - Dubois D\u00c9PRAZ\" \/>\n<meta property=\"og:description\" content=\"Particularite\u0301s &#8211; Indicateur de marche &#8211; Quanti\u00e8me \u00e0 guichet &#8211; Pont sup\u00e9rieur nickel\u00e9 Spe\u0301cifications &#8211; E\u0301paisseur totale : 5,20 mm \/ SW300 &#8211; E\u0301paisseur totale : 6,20 mm \/ SW200 &#8211; Encageage : \u00d8 32,60 mm &#8211; Aller-retour de l&#8217;aiguille sur 143\u00b0 en 30 secondes (2 x 15 s)\" \/>\n<meta property=\"og:url\" content=\"https:\/\/www.dubois-depraz.ch\/produit\/dd16000\/\" \/>\n<meta property=\"og:site_name\" content=\"Dubois D\u00c9PRAZ\" \/>\n<meta property=\"article:modified_time\" content=\"2022-06-09T08:48:28+00:00\" \/>\n<meta property=\"og:image\" content=\"https:\/\/www.dubois-depraz.ch\/wp-content\/uploads\/2020\/09\/16000.png\" \/>\n\t<meta property=\"og:image:width\" content=\"814\" \/>\n\t<meta property=\"og:image:height\" content=\"926\" \/>\n\t<meta property=\"og:image:type\" content=\"image\/png\" \/>\n<meta name=\"twitter:card\" content=\"summary_large_image\" \/>\n<script type=\"application\/ld+json\" class=\"yoast-schema-graph\">{\"@context\":\"https:\/\/schema.org\",\"@graph\":[{\"@type\":\"WebPage\",\"@id\":\"https:\/\/www.dubois-depraz.ch\/produit\/dd16000\/\",\"url\":\"https:\/\/www.dubois-depraz.ch\/produit\/dd16000\/\",\"name\":\"DD16000 - Dubois D\u00c9PRAZ\",\"isPartOf\":{\"@id\":\"https:\/\/www.dubois-depraz.ch\/#website\"},\"primaryImageOfPage\":{\"@id\":\"https:\/\/www.dubois-depraz.ch\/produit\/dd16000\/#primaryimage\"},\"image\":{\"@id\":\"https:\/\/www.dubois-depraz.ch\/produit\/dd16000\/#primaryimage\"},\"thumbnailUrl\":\"https:\/\/www.dubois-depraz.ch\/wp-content\/uploads\/2020\/09\/16000.png\",\"datePublished\":\"2020-09-02T12:30:00+00:00\",\"dateModified\":\"2022-06-09T08:48:28+00:00\",\"breadcrumb\":{\"@id\":\"https:\/\/www.dubois-depraz.ch\/produit\/dd16000\/#breadcrumb\"},\"inLanguage\":\"en-US\",\"potentialAction\":[{\"@type\":\"ReadAction\",\"target\":[\"https:\/\/www.dubois-depraz.ch\/produit\/dd16000\/\"]}]},{\"@type\":\"ImageObject\",\"inLanguage\":\"en-US\",\"@id\":\"https:\/\/www.dubois-depraz.ch\/produit\/dd16000\/#primaryimage\",\"url\":\"https:\/\/www.dubois-depraz.ch\/wp-content\/uploads\/2020\/09\/16000.png\",\"contentUrl\":\"https:\/\/www.dubois-depraz.ch\/wp-content\/uploads\/2020\/09\/16000.png\",\"width\":814,\"height\":926},{\"@type\":\"BreadcrumbList\",\"@id\":\"https:\/\/www.dubois-depraz.ch\/produit\/dd16000\/#breadcrumb\",\"itemListElement\":[{\"@type\":\"ListItem\",\"position\":1,\"name\":\"Accueil\",\"item\":\"https:\/\/www.dubois-depraz.ch\/en\/home\/\"},{\"@type\":\"ListItem\",\"position\":2,\"name\":\"Shop\",\"item\":\"https:\/\/www.dubois-depraz.ch\/en\/shop\/\"},{\"@type\":\"ListItem\",\"position\":3,\"name\":\"DD16000\"}]},{\"@type\":\"WebSite\",\"@id\":\"https:\/\/www.dubois-depraz.ch\/#website\",\"url\":\"https:\/\/www.dubois-depraz.ch\/\",\"name\":\"Dubois D\u00c9PRAZ\",\"description\":\"UNE SYMPHONIE DE SAVOIR FAIRE\",\"publisher\":{\"@id\":\"https:\/\/www.dubois-depraz.ch\/#organization\"},\"potentialAction\":[{\"@type\":\"SearchAction\",\"target\":{\"@type\":\"EntryPoint\",\"urlTemplate\":\"https:\/\/www.dubois-depraz.ch\/?s={search_term_string}\"},\"query-input\":{\"@type\":\"PropertyValueSpecification\",\"valueRequired\":true,\"valueName\":\"search_term_string\"}}],\"inLanguage\":\"en-US\"},{\"@type\":\"Organization\",\"@id\":\"https:\/\/www.dubois-depraz.ch\/#organization\",\"name\":\"Dubois D\u00c9PRAZ\",\"url\":\"https:\/\/www.dubois-depraz.ch\/\",\"logo\":{\"@type\":\"ImageObject\",\"inLanguage\":\"en-US\",\"@id\":\"https:\/\/www.dubois-depraz.ch\/#\/schema\/logo\/image\/\",\"url\":\"https:\/\/www.dubois-depraz.ch\/wp-content\/uploads\/2021\/02\/DD-sigle-jumbo.png\",\"contentUrl\":\"https:\/\/www.dubois-depraz.ch\/wp-content\/uploads\/2021\/02\/DD-sigle-jumbo.png\",\"width\":1440,\"height\":1200,\"caption\":\"Dubois D\u00c9PRAZ\"},\"image\":{\"@id\":\"https:\/\/www.dubois-depraz.ch\/#\/schema\/logo\/image\/\"}}]}<\/script>\n<!-- \/ Yoast SEO plugin. -->","yoast_head_json":{"title":"DD16000 - Dubois D\u00c9PRAZ","robots":{"index":"index","follow":"follow","max-snippet":"max-snippet:-1","max-image-preview":"max-image-preview:large","max-video-preview":"max-video-preview:-1"},"canonical":"https:\/\/www.dubois-depraz.ch\/produit\/dd16000\/","og_locale":"en_US","og_type":"article","og_title":"DD16000 - Dubois D\u00c9PRAZ","og_description":"Particularite\u0301s &#8211; Indicateur de marche &#8211; Quanti\u00e8me \u00e0 guichet &#8211; Pont sup\u00e9rieur nickel\u00e9 Spe\u0301cifications &#8211; E\u0301paisseur totale : 5,20 mm \/ SW300 &#8211; E\u0301paisseur totale : 6,20 mm \/ SW200 &#8211; Encageage : \u00d8 32,60 mm &#8211; Aller-retour de l&#8217;aiguille sur 143\u00b0 en 30 secondes (2 x 15 s)","og_url":"https:\/\/www.dubois-depraz.ch\/produit\/dd16000\/","og_site_name":"Dubois D\u00c9PRAZ","article_modified_time":"2022-06-09T08:48:28+00:00","og_image":[{"width":814,"height":926,"url":"https:\/\/www.dubois-depraz.ch\/wp-content\/uploads\/2020\/09\/16000.png","type":"image\/png"}],"twitter_card":"summary_large_image","schema":{"@context":"https:\/\/schema.org","@graph":[{"@type":"WebPage","@id":"https:\/\/www.dubois-depraz.ch\/produit\/dd16000\/","url":"https:\/\/www.dubois-depraz.ch\/produit\/dd16000\/","name":"DD16000 - Dubois D\u00c9PRAZ","isPartOf":{"@id":"https:\/\/www.dubois-depraz.ch\/#website"},"primaryImageOfPage":{"@id":"https:\/\/www.dubois-depraz.ch\/produit\/dd16000\/#primaryimage"},"image":{"@id":"https:\/\/www.dubois-depraz.ch\/produit\/dd16000\/#primaryimage"},"thumbnailUrl":"https:\/\/www.dubois-depraz.ch\/wp-content\/uploads\/2020\/09\/16000.png","datePublished":"2020-09-02T12:30:00+00:00","dateModified":"2022-06-09T08:48:28+00:00","breadcrumb":{"@id":"https:\/\/www.dubois-depraz.ch\/produit\/dd16000\/#breadcrumb"},"inLanguage":"en-US","potentialAction":[{"@type":"ReadAction","target":["https:\/\/www.dubois-depraz.ch\/produit\/dd16000\/"]}]},{"@type":"ImageObject","inLanguage":"en-US","@id":"https:\/\/www.dubois-depraz.ch\/produit\/dd16000\/#primaryimage","url":"https:\/\/www.dubois-depraz.ch\/wp-content\/uploads\/2020\/09\/16000.png","contentUrl":"https:\/\/www.dubois-depraz.ch\/wp-content\/uploads\/2020\/09\/16000.png","width":814,"height":926},{"@type":"BreadcrumbList","@id":"https:\/\/www.dubois-depraz.ch\/produit\/dd16000\/#breadcrumb","itemListElement":[{"@type":"ListItem","position":1,"name":"Accueil","item":"https:\/\/www.dubois-depraz.ch\/en\/home\/"},{"@type":"ListItem","position":2,"name":"Shop","item":"https:\/\/www.dubois-depraz.ch\/en\/shop\/"},{"@type":"ListItem","position":3,"name":"DD16000"}]},{"@type":"WebSite","@id":"https:\/\/www.dubois-depraz.ch\/#website","url":"https:\/\/www.dubois-depraz.ch\/","name":"Dubois D\u00c9PRAZ","description":"UNE SYMPHONIE DE SAVOIR FAIRE","publisher":{"@id":"https:\/\/www.dubois-depraz.ch\/#organization"},"potentialAction":[{"@type":"SearchAction","target":{"@type":"EntryPoint","urlTemplate":"https:\/\/www.dubois-depraz.ch\/?s={search_term_string}"},"query-input":{"@type":"PropertyValueSpecification","valueRequired":true,"valueName":"search_term_string"}}],"inLanguage":"en-US"},{"@type":"Organization","@id":"https:\/\/www.dubois-depraz.ch\/#organization","name":"Dubois D\u00c9PRAZ","url":"https:\/\/www.dubois-depraz.ch\/","logo":{"@type":"ImageObject","inLanguage":"en-US","@id":"https:\/\/www.dubois-depraz.ch\/#\/schema\/logo\/image\/","url":"https:\/\/www.dubois-depraz.ch\/wp-content\/uploads\/2021\/02\/DD-sigle-jumbo.png","contentUrl":"https:\/\/www.dubois-depraz.ch\/wp-content\/uploads\/2021\/02\/DD-sigle-jumbo.png","width":1440,"height":1200,"caption":"Dubois D\u00c9PRAZ"},"image":{"@id":"https:\/\/www.dubois-depraz.ch\/#\/schema\/logo\/image\/"}}]}},"_links":{"self":[{"href":"https:\/\/www.dubois-depraz.ch\/en\/wp-json\/wp\/v2\/product\/3509","targetHints":{"allow":["GET"]}}],"collection":[{"href":"https:\/\/www.dubois-depraz.ch\/en\/wp-json\/wp\/v2\/product"}],"about":[{"href":"https:\/\/www.dubois-depraz.ch\/en\/wp-json\/wp\/v2\/types\/product"}],"wp:featuredmedia":[{"embeddable":true,"href":"https:\/\/www.dubois-depraz.ch\/en\/wp-json\/wp\/v2\/media\/7252"}],"wp:attachment":[{"href":"https:\/\/www.dubois-depraz.ch\/en\/wp-json\/wp\/v2\/media?parent=3509"}],"wp:term":[{"taxonomy":"product_brand","embeddable":true,"href":"https:\/\/www.dubois-depraz.ch\/en\/wp-json\/wp\/v2\/product_brand?post=3509"},{"taxonomy":"product_cat","embeddable":true,"href":"https:\/\/www.dubois-depraz.ch\/en\/wp-json\/wp\/v2\/product_cat?post=3509"},{"taxonomy":"product_tag","embeddable":true,"href":"https:\/\/www.dubois-depraz.ch\/en\/wp-json\/wp\/v2\/product_tag?post=3509"}],"curies":[{"name":"wp","href":"https:\/\/api.w.org\/{rel}","templated":true}]}}